{"id":2231,"date":"2023-08-03T14:15:40","date_gmt":"2023-08-03T12:15:40","guid":{"rendered":"https:\/\/derkom.de\/product\/resin-bonded-grinding-wheels\/"},"modified":"2024-03-21T23:48:18","modified_gmt":"2024-03-21T22:48:18","slug":"discos-de-lixa-ligados-por-resina","status":"publish","type":"product","link":"https:\/\/derkom.de\/pt-pt\/product\/discos-de-lixa-ligados-por-resina\/","title":{"rendered":"Discos de lixa ligados por resina"},"content":{"rendered":"","protected":false},"excerpt":{"rendered":"","protected":false},"author":1,"featured_media":0,"menu_order":1,"template":"","format":"standard","meta":{"_acf_changed":false,"footnotes":""},"class_list":["post-2231","product","type-product","status-publish","format-standard","hentry"],"acf":[],"yoast_head":"<!-- This site is optimized with the Yoast SEO plugin v27.1.1 - https:\/\/yoast.com\/product\/yoast-seo-wordpress\/ -->\n<title>Discos de lixa ligados por resina - Derkom+Klein<\/title>\n<meta name=\"description\" content=\"Os discos de desbaste ligados a resina s\u00e3o utilizados para desbaste a h\u00famido de tudo, desde a cutelaria cl\u00e1ssica at\u00e9 pe\u00e7as e componentes met\u00e1licos.\" \/>\n<meta name=\"robots\" content=\"index, follow, max-snippet:-1, max-image-preview:large, max-video-preview:-1\" \/>\n<link rel=\"canonical\" href=\"https:\/\/derkom.de\/pt-pt\/product\/discos-de-lixa-ligados-por-resina\/\" \/>\n<meta property=\"og:locale\" content=\"pt_PT\" \/>\n<meta property=\"og:type\" content=\"article\" \/>\n<meta property=\"og:title\" content=\"Discos de lixa ligados por resina - Derkom+Klein\" \/>\n<meta property=\"og:description\" content=\"Os discos de desbaste ligados a resina s\u00e3o utilizados para desbaste a h\u00famido de tudo, desde a cutelaria cl\u00e1ssica at\u00e9 pe\u00e7as e componentes met\u00e1licos.\" \/>\n<meta property=\"og:url\" content=\"https:\/\/derkom.de\/pt-pt\/product\/discos-de-lixa-ligados-por-resina\/\" \/>\n<meta property=\"og:site_name\" content=\"DERKOM+KLEIN\" \/>\n<meta property=\"article:modified_time\" content=\"2024-03-21T22:48:18+00:00\" \/>\n<meta name=\"twitter:card\" content=\"summary_large_image\" \/>\n<script type=\"application\/ld+json\" class=\"yoast-schema-graph\">{\"@context\":\"https:\/\/schema.org\",\"@graph\":[{\"@type\":\"WebPage\",\"@id\":\"https:\/\/derkom.de\/pt-pt\/product\/discos-de-lixa-ligados-por-resina\/\",\"url\":\"https:\/\/derkom.de\/pt-pt\/product\/discos-de-lixa-ligados-por-resina\/\",\"name\":\"Discos de lixa ligados por resina - Derkom+Klein\",\"isPartOf\":{\"@id\":\"https:\/\/derkom.de\/pt-pt\/#website\"},\"datePublished\":\"2023-08-03T12:15:40+00:00\",\"dateModified\":\"2024-03-21T22:48:18+00:00\",\"description\":\"Os discos de desbaste ligados a resina s\u00e3o utilizados para desbaste a h\u00famido de tudo, desde a cutelaria cl\u00e1ssica at\u00e9 pe\u00e7as e componentes met\u00e1licos.\",\"breadcrumb\":{\"@id\":\"https:\/\/derkom.de\/pt-pt\/product\/discos-de-lixa-ligados-por-resina\/#breadcrumb\"},\"inLanguage\":\"pt-PT\",\"potentialAction\":[{\"@type\":\"ReadAction\",\"target\":[\"https:\/\/derkom.de\/pt-pt\/product\/discos-de-lixa-ligados-por-resina\/\"]}]},{\"@type\":\"BreadcrumbList\",\"@id\":\"https:\/\/derkom.de\/pt-pt\/product\/discos-de-lixa-ligados-por-resina\/#breadcrumb\",\"itemListElement\":[{\"@type\":\"ListItem\",\"position\":1,\"name\":\"Home\",\"item\":\"https:\/\/derkom.de\/pt-pt\/\"},{\"@type\":\"ListItem\",\"position\":2,\"name\":\"Discos de lixa ligados por resina\"}]},{\"@type\":\"WebSite\",\"@id\":\"https:\/\/derkom.de\/pt-pt\/#website\",\"url\":\"https:\/\/derkom.de\/pt-pt\/\",\"name\":\"DERKOM+KLEIN\",\"description\":\"\",\"publisher\":{\"@id\":\"https:\/\/derkom.de\/pt-pt\/#organization\"},\"potentialAction\":[{\"@type\":\"SearchAction\",\"target\":{\"@type\":\"EntryPoint\",\"urlTemplate\":\"https:\/\/derkom.de\/pt-pt\/?s={search_term_string}\"},\"query-input\":{\"@type\":\"PropertyValueSpecification\",\"valueRequired\":true,\"valueName\":\"search_term_string\"}}],\"inLanguage\":\"pt-PT\"},{\"@type\":\"Organization\",\"@id\":\"https:\/\/derkom.de\/pt-pt\/#organization\",\"name\":\"DERKOM+KLEIN\",\"url\":\"https:\/\/derkom.de\/pt-pt\/\",\"logo\":{\"@type\":\"ImageObject\",\"inLanguage\":\"pt-PT\",\"@id\":\"https:\/\/derkom.de\/pt-pt\/#\/schema\/logo\/image\/\",\"url\":\"https:\/\/derkom.de\/wp-content\/uploads\/2023\/08\/f9cc958684bff2ab93064b368064f459.png\",\"contentUrl\":\"https:\/\/derkom.de\/wp-content\/uploads\/2023\/08\/f9cc958684bff2ab93064b368064f459.png\",\"width\":823,\"height\":111,\"caption\":\"DERKOM+KLEIN\"},\"image\":{\"@id\":\"https:\/\/derkom.de\/pt-pt\/#\/schema\/logo\/image\/\"}}]}<\/script>\n<!-- \/ Yoast SEO plugin. -->","yoast_head_json":{"title":"Discos de lixa ligados por resina - Derkom+Klein","description":"Os discos de desbaste ligados a resina s\u00e3o utilizados para desbaste a h\u00famido de tudo, desde a cutelaria cl\u00e1ssica at\u00e9 pe\u00e7as e componentes met\u00e1licos.","robots":{"index":"index","follow":"follow","max-snippet":"max-snippet:-1","max-image-preview":"max-image-preview:large","max-video-preview":"max-video-preview:-1"},"canonical":"https:\/\/derkom.de\/pt-pt\/product\/discos-de-lixa-ligados-por-resina\/","og_locale":"pt_PT","og_type":"article","og_title":"Discos de lixa ligados por resina - Derkom+Klein","og_description":"Os discos de desbaste ligados a resina s\u00e3o utilizados para desbaste a h\u00famido de tudo, desde a cutelaria cl\u00e1ssica at\u00e9 pe\u00e7as e componentes met\u00e1licos.","og_url":"https:\/\/derkom.de\/pt-pt\/product\/discos-de-lixa-ligados-por-resina\/","og_site_name":"DERKOM+KLEIN","article_modified_time":"2024-03-21T22:48:18+00:00","twitter_card":"summary_large_image","schema":{"@context":"https:\/\/schema.org","@graph":[{"@type":"WebPage","@id":"https:\/\/derkom.de\/pt-pt\/product\/discos-de-lixa-ligados-por-resina\/","url":"https:\/\/derkom.de\/pt-pt\/product\/discos-de-lixa-ligados-por-resina\/","name":"Discos de lixa ligados por resina - Derkom+Klein","isPartOf":{"@id":"https:\/\/derkom.de\/pt-pt\/#website"},"datePublished":"2023-08-03T12:15:40+00:00","dateModified":"2024-03-21T22:48:18+00:00","description":"Os discos de desbaste ligados a resina s\u00e3o utilizados para desbaste a h\u00famido de tudo, desde a cutelaria cl\u00e1ssica at\u00e9 pe\u00e7as e componentes met\u00e1licos.","breadcrumb":{"@id":"https:\/\/derkom.de\/pt-pt\/product\/discos-de-lixa-ligados-por-resina\/#breadcrumb"},"inLanguage":"pt-PT","potentialAction":[{"@type":"ReadAction","target":["https:\/\/derkom.de\/pt-pt\/product\/discos-de-lixa-ligados-por-resina\/"]}]},{"@type":"BreadcrumbList","@id":"https:\/\/derkom.de\/pt-pt\/product\/discos-de-lixa-ligados-por-resina\/#breadcrumb","itemListElement":[{"@type":"ListItem","position":1,"name":"Home","item":"https:\/\/derkom.de\/pt-pt\/"},{"@type":"ListItem","position":2,"name":"Discos de lixa ligados por resina"}]},{"@type":"WebSite","@id":"https:\/\/derkom.de\/pt-pt\/#website","url":"https:\/\/derkom.de\/pt-pt\/","name":"DERKOM+KLEIN","description":"","publisher":{"@id":"https:\/\/derkom.de\/pt-pt\/#organization"},"potentialAction":[{"@type":"SearchAction","target":{"@type":"EntryPoint","urlTemplate":"https:\/\/derkom.de\/pt-pt\/?s={search_term_string}"},"query-input":{"@type":"PropertyValueSpecification","valueRequired":true,"valueName":"search_term_string"}}],"inLanguage":"pt-PT"},{"@type":"Organization","@id":"https:\/\/derkom.de\/pt-pt\/#organization","name":"DERKOM+KLEIN","url":"https:\/\/derkom.de\/pt-pt\/","logo":{"@type":"ImageObject","inLanguage":"pt-PT","@id":"https:\/\/derkom.de\/pt-pt\/#\/schema\/logo\/image\/","url":"https:\/\/derkom.de\/wp-content\/uploads\/2023\/08\/f9cc958684bff2ab93064b368064f459.png","contentUrl":"https:\/\/derkom.de\/wp-content\/uploads\/2023\/08\/f9cc958684bff2ab93064b368064f459.png","width":823,"height":111,"caption":"DERKOM+KLEIN"},"image":{"@id":"https:\/\/derkom.de\/pt-pt\/#\/schema\/logo\/image\/"}}]}},"_links":{"self":[{"href":"https:\/\/derkom.de\/pt-pt\/wp-json\/wp\/v2\/product\/2231","targetHints":{"allow":["GET"]}}],"collection":[{"href":"https:\/\/derkom.de\/pt-pt\/wp-json\/wp\/v2\/product"}],"about":[{"href":"https:\/\/derkom.de\/pt-pt\/wp-json\/wp\/v2\/types\/product"}],"author":[{"embeddable":true,"href":"https:\/\/derkom.de\/pt-pt\/wp-json\/wp\/v2\/users\/1"}],"version-history":[{"count":2,"href":"https:\/\/derkom.de\/pt-pt\/wp-json\/wp\/v2\/product\/2231\/revisions"}],"predecessor-version":[{"id":2828,"href":"https:\/\/derkom.de\/pt-pt\/wp-json\/wp\/v2\/product\/2231\/revisions\/2828"}],"wp:attachment":[{"href":"https:\/\/derkom.de\/pt-pt\/wp-json\/wp\/v2\/media?parent=2231"}],"curies":[{"name":"wp","href":"https:\/\/api.w.org\/{rel}","templated":true}]}}