{"id":2204,"date":"2023-08-28T20:34:18","date_gmt":"2023-08-28T18:34:18","guid":{"rendered":"https:\/\/derkom.de\/product\/tile-disks\/"},"modified":"2024-03-25T17:36:01","modified_gmt":"2024-03-25T16:36:01","slug":"discos-para-azulejos","status":"publish","type":"product","link":"https:\/\/derkom.de\/pt-pt\/product\/discos-para-azulejos\/","title":{"rendered":"Discos para azulejos"},"content":{"rendered":"","protected":false},"excerpt":{"rendered":"","protected":false},"author":9,"featured_media":0,"menu_order":3,"template":"","format":"standard","meta":{"_acf_changed":false,"footnotes":""},"class_list":["post-2204","product","type-product","status-publish","format-standard","hentry"],"acf":[],"yoast_head":"<!-- This site is optimized with the Yoast SEO plugin v27.1.1 - https:\/\/yoast.com\/product\/yoast-seo-wordpress\/ -->\n<title>Discos para azulejos - DERKOM+KLEIN<\/title>\n<meta name=\"description\" content=\"O acabamento da superf\u00edcie melhora a resist\u00eancia \u00e0 corros\u00e3o e confere \u00e0 l\u00e2mina da faca um brilho mate ao longo do eixo longitudinal da faca.\" \/>\n<meta name=\"robots\" content=\"index, follow, max-snippet:-1, max-image-preview:large, max-video-preview:-1\" \/>\n<link rel=\"canonical\" href=\"https:\/\/derkom.de\/pt-pt\/product\/discos-para-azulejos\/\" \/>\n<meta property=\"og:locale\" content=\"pt_PT\" \/>\n<meta property=\"og:type\" content=\"article\" \/>\n<meta property=\"og:title\" content=\"Discos para azulejos - DERKOM+KLEIN\" \/>\n<meta property=\"og:description\" content=\"O acabamento da superf\u00edcie melhora a resist\u00eancia \u00e0 corros\u00e3o e confere \u00e0 l\u00e2mina da faca um brilho mate ao longo do eixo longitudinal da faca.\" \/>\n<meta property=\"og:url\" content=\"https:\/\/derkom.de\/pt-pt\/product\/discos-para-azulejos\/\" \/>\n<meta property=\"og:site_name\" content=\"DERKOM+KLEIN\" \/>\n<meta property=\"article:modified_time\" content=\"2024-03-25T16:36:01+00:00\" \/>\n<meta name=\"twitter:card\" content=\"summary_large_image\" \/>\n<script type=\"application\/ld+json\" class=\"yoast-schema-graph\">{\"@context\":\"https:\/\/schema.org\",\"@graph\":[{\"@type\":\"WebPage\",\"@id\":\"https:\/\/derkom.de\/pt-pt\/product\/discos-para-azulejos\/\",\"url\":\"https:\/\/derkom.de\/pt-pt\/product\/discos-para-azulejos\/\",\"name\":\"Discos para azulejos - DERKOM+KLEIN\",\"isPartOf\":{\"@id\":\"https:\/\/derkom.de\/pt-pt\/#website\"},\"datePublished\":\"2023-08-28T18:34:18+00:00\",\"dateModified\":\"2024-03-25T16:36:01+00:00\",\"description\":\"O acabamento da superf\u00edcie melhora a resist\u00eancia \u00e0 corros\u00e3o e confere \u00e0 l\u00e2mina da faca um brilho mate ao longo do eixo longitudinal da faca.\",\"breadcrumb\":{\"@id\":\"https:\/\/derkom.de\/pt-pt\/product\/discos-para-azulejos\/#breadcrumb\"},\"inLanguage\":\"pt-PT\",\"potentialAction\":[{\"@type\":\"ReadAction\",\"target\":[\"https:\/\/derkom.de\/pt-pt\/product\/discos-para-azulejos\/\"]}]},{\"@type\":\"BreadcrumbList\",\"@id\":\"https:\/\/derkom.de\/pt-pt\/product\/discos-para-azulejos\/#breadcrumb\",\"itemListElement\":[{\"@type\":\"ListItem\",\"position\":1,\"name\":\"Home\",\"item\":\"https:\/\/derkom.de\/pt-pt\/\"},{\"@type\":\"ListItem\",\"position\":2,\"name\":\"Discos para azulejos\"}]},{\"@type\":\"WebSite\",\"@id\":\"https:\/\/derkom.de\/pt-pt\/#website\",\"url\":\"https:\/\/derkom.de\/pt-pt\/\",\"name\":\"DERKOM+KLEIN\",\"description\":\"\",\"publisher\":{\"@id\":\"https:\/\/derkom.de\/pt-pt\/#organization\"},\"potentialAction\":[{\"@type\":\"SearchAction\",\"target\":{\"@type\":\"EntryPoint\",\"urlTemplate\":\"https:\/\/derkom.de\/pt-pt\/?s={search_term_string}\"},\"query-input\":{\"@type\":\"PropertyValueSpecification\",\"valueRequired\":true,\"valueName\":\"search_term_string\"}}],\"inLanguage\":\"pt-PT\"},{\"@type\":\"Organization\",\"@id\":\"https:\/\/derkom.de\/pt-pt\/#organization\",\"name\":\"DERKOM+KLEIN\",\"url\":\"https:\/\/derkom.de\/pt-pt\/\",\"logo\":{\"@type\":\"ImageObject\",\"inLanguage\":\"pt-PT\",\"@id\":\"https:\/\/derkom.de\/pt-pt\/#\/schema\/logo\/image\/\",\"url\":\"https:\/\/derkom.de\/wp-content\/uploads\/2023\/08\/f9cc958684bff2ab93064b368064f459.png\",\"contentUrl\":\"https:\/\/derkom.de\/wp-content\/uploads\/2023\/08\/f9cc958684bff2ab93064b368064f459.png\",\"width\":823,\"height\":111,\"caption\":\"DERKOM+KLEIN\"},\"image\":{\"@id\":\"https:\/\/derkom.de\/pt-pt\/#\/schema\/logo\/image\/\"}}]}<\/script>\n<!-- \/ Yoast SEO plugin. -->","yoast_head_json":{"title":"Discos para azulejos - DERKOM+KLEIN","description":"O acabamento da superf\u00edcie melhora a resist\u00eancia \u00e0 corros\u00e3o e confere \u00e0 l\u00e2mina da faca um brilho mate ao longo do eixo longitudinal da faca.","robots":{"index":"index","follow":"follow","max-snippet":"max-snippet:-1","max-image-preview":"max-image-preview:large","max-video-preview":"max-video-preview:-1"},"canonical":"https:\/\/derkom.de\/pt-pt\/product\/discos-para-azulejos\/","og_locale":"pt_PT","og_type":"article","og_title":"Discos para azulejos - DERKOM+KLEIN","og_description":"O acabamento da superf\u00edcie melhora a resist\u00eancia \u00e0 corros\u00e3o e confere \u00e0 l\u00e2mina da faca um brilho mate ao longo do eixo longitudinal da faca.","og_url":"https:\/\/derkom.de\/pt-pt\/product\/discos-para-azulejos\/","og_site_name":"DERKOM+KLEIN","article_modified_time":"2024-03-25T16:36:01+00:00","twitter_card":"summary_large_image","schema":{"@context":"https:\/\/schema.org","@graph":[{"@type":"WebPage","@id":"https:\/\/derkom.de\/pt-pt\/product\/discos-para-azulejos\/","url":"https:\/\/derkom.de\/pt-pt\/product\/discos-para-azulejos\/","name":"Discos para azulejos - DERKOM+KLEIN","isPartOf":{"@id":"https:\/\/derkom.de\/pt-pt\/#website"},"datePublished":"2023-08-28T18:34:18+00:00","dateModified":"2024-03-25T16:36:01+00:00","description":"O acabamento da superf\u00edcie melhora a resist\u00eancia \u00e0 corros\u00e3o e confere \u00e0 l\u00e2mina da faca um brilho mate ao longo do eixo longitudinal da faca.","breadcrumb":{"@id":"https:\/\/derkom.de\/pt-pt\/product\/discos-para-azulejos\/#breadcrumb"},"inLanguage":"pt-PT","potentialAction":[{"@type":"ReadAction","target":["https:\/\/derkom.de\/pt-pt\/product\/discos-para-azulejos\/"]}]},{"@type":"BreadcrumbList","@id":"https:\/\/derkom.de\/pt-pt\/product\/discos-para-azulejos\/#breadcrumb","itemListElement":[{"@type":"ListItem","position":1,"name":"Home","item":"https:\/\/derkom.de\/pt-pt\/"},{"@type":"ListItem","position":2,"name":"Discos para azulejos"}]},{"@type":"WebSite","@id":"https:\/\/derkom.de\/pt-pt\/#website","url":"https:\/\/derkom.de\/pt-pt\/","name":"DERKOM+KLEIN","description":"","publisher":{"@id":"https:\/\/derkom.de\/pt-pt\/#organization"},"potentialAction":[{"@type":"SearchAction","target":{"@type":"EntryPoint","urlTemplate":"https:\/\/derkom.de\/pt-pt\/?s={search_term_string}"},"query-input":{"@type":"PropertyValueSpecification","valueRequired":true,"valueName":"search_term_string"}}],"inLanguage":"pt-PT"},{"@type":"Organization","@id":"https:\/\/derkom.de\/pt-pt\/#organization","name":"DERKOM+KLEIN","url":"https:\/\/derkom.de\/pt-pt\/","logo":{"@type":"ImageObject","inLanguage":"pt-PT","@id":"https:\/\/derkom.de\/pt-pt\/#\/schema\/logo\/image\/","url":"https:\/\/derkom.de\/wp-content\/uploads\/2023\/08\/f9cc958684bff2ab93064b368064f459.png","contentUrl":"https:\/\/derkom.de\/wp-content\/uploads\/2023\/08\/f9cc958684bff2ab93064b368064f459.png","width":823,"height":111,"caption":"DERKOM+KLEIN"},"image":{"@id":"https:\/\/derkom.de\/pt-pt\/#\/schema\/logo\/image\/"}}]}},"_links":{"self":[{"href":"https:\/\/derkom.de\/pt-pt\/wp-json\/wp\/v2\/product\/2204","targetHints":{"allow":["GET"]}}],"collection":[{"href":"https:\/\/derkom.de\/pt-pt\/wp-json\/wp\/v2\/product"}],"about":[{"href":"https:\/\/derkom.de\/pt-pt\/wp-json\/wp\/v2\/types\/product"}],"author":[{"embeddable":true,"href":"https:\/\/derkom.de\/pt-pt\/wp-json\/wp\/v2\/users\/9"}],"version-history":[{"count":2,"href":"https:\/\/derkom.de\/pt-pt\/wp-json\/wp\/v2\/product\/2204\/revisions"}],"predecessor-version":[{"id":2842,"href":"https:\/\/derkom.de\/pt-pt\/wp-json\/wp\/v2\/product\/2204\/revisions\/2842"}],"wp:attachment":[{"href":"https:\/\/derkom.de\/pt-pt\/wp-json\/wp\/v2\/media?parent=2204"}],"curies":[{"name":"wp","href":"https:\/\/api.w.org\/{rel}","templated":true}]}}