{"id":2576,"date":"2023-08-03T12:28:56","date_gmt":"2023-08-03T10:28:56","guid":{"rendered":"https:\/\/derkom.de\/impressao\/"},"modified":"2024-08-21T08:47:56","modified_gmt":"2024-08-21T06:47:56","slug":"impressao","status":"publish","type":"page","link":"https:\/\/derkom.de\/pt-pt\/impressao\/","title":{"rendered":"Impress\u00e3o"},"content":{"rendered":"\n<h2 class=\"wp-block-heading\">Quem somos<\/h2>\n\n\n\n<p><strong class=\"privacy-policy-tutorial\">Texto sugerido: <\/strong>O endere\u00e7o do nosso s\u00edtio Web \u00e9: http:\/\/derkom.<\/p>\n\n\n\n<h2 class=\"wp-block-heading\">Coment\u00e1rios<\/h2>\n\n\n\n<p><strong class=\"privacy-policy-tutorial\">Sugest\u00e3o de texto: <\/strong>Quando os visitantes escrevem coment\u00e1rios no s\u00edtio Web, recolhemos os dados apresentados no formul\u00e1rio de coment\u00e1rio, o endere\u00e7o IP do visitante e a cadeia do agente do utilizador (que identifica o navegador) para ajudar a reconhecer o spam.<\/p>\n\n\n\n<p>Uma cadeia de caracteres an\u00f3nima (tamb\u00e9m conhecida como hash) pode ser criada a partir do seu endere\u00e7o de correio eletr\u00f3nico e transmitida ao servi\u00e7o Gravatar para verificar se o est\u00e1 a utilizar. Pode encontrar a pol\u00edtica de privacidade do servi\u00e7o Gravatar aqui: https:\/\/automattic.com\/privacy\/. Depois de o seu coment\u00e1rio ter sido aprovado, a sua imagem de perfil ficar\u00e1 vis\u00edvel publicamente no contexto do seu coment\u00e1rio.<\/p>\n\n\n\n<h2 class=\"wp-block-heading\">Media<\/h2>\n\n\n\n<p><strong class=\"privacy-policy-tutorial\">Texto sugerido: <\/strong>Se \u00e9 um utilizador registado e carrega fotografias para este s\u00edtio Web, deve evitar carregar fotografias com uma localiza\u00e7\u00e3o GPS EXIF. Os visitantes deste s\u00edtio Web podem descarregar fotografias armazenadas neste s\u00edtio Web e extrair as suas informa\u00e7\u00f5es de localiza\u00e7\u00e3o.<\/p>\n\n\n\n<h2 class=\"wp-block-heading\">Biscoitos<\/h2>\n\n\n\n<p><strong class=\"privacy-policy-tutorial\">Sugest\u00e3o de texto: <\/strong>Se escrever um coment\u00e1rio no nosso s\u00edtio Web, isso pode ser um consentimento para guardar o seu nome, endere\u00e7o de correio eletr\u00f3nico e s\u00edtio Web nos cookies. Esta \u00e9 uma fun\u00e7\u00e3o de conveni\u00eancia para que n\u00e3o tenha de introduzir todos estes dados novamente quando escreve outro coment\u00e1rio. Estes cookies s\u00e3o armazenados durante um ano.<\/p>\n\n\n\n<p>Se tiver uma conta e iniciar sess\u00e3o neste s\u00edtio Web, definiremos um cookie tempor\u00e1rio para determinar se o seu browser aceita cookies. Este cookie n\u00e3o cont\u00e9m quaisquer dados pessoais e \u00e9 eliminado quando o utilizador fecha o seu navegador.<\/p>\n\n\n\n<p>Quando inicia sess\u00e3o, configuramos alguns cookies para guardar as suas informa\u00e7\u00f5es de in\u00edcio de sess\u00e3o e op\u00e7\u00f5es de visualiza\u00e7\u00e3o. Os cookies de in\u00edcio de sess\u00e3o expiram ao fim de dois dias e os cookies para as op\u00e7\u00f5es de visualiza\u00e7\u00e3o ao fim de um ano. Se selecionar &#8220;Manter sess\u00e3o iniciada&#8221; quando se registar, o seu registo ser\u00e1 mantido durante duas semanas. Quando termina a sess\u00e3o na sua conta, os cookies de in\u00edcio de sess\u00e3o s\u00e3o eliminados.<\/p>\n\n\n\n<p>Quando edita ou publica um artigo, \u00e9 guardado um cookie adicional no seu browser. Este cookie n\u00e3o cont\u00e9m quaisquer dados pessoais e refere-se apenas ao ID da publica\u00e7\u00e3o do artigo que acabou de editar. O cookie expira ao fim de um dia.<\/p>\n\n\n\n<h2 class=\"wp-block-heading\">Conte\u00fado incorporado de outros s\u00edtios Web<\/h2>\n\n\n\n<p><strong class=\"privacy-policy-tutorial\">Sugest\u00e3o de texto: <\/strong>As publica\u00e7\u00f5es neste s\u00edtio Web podem conter conte\u00fados incorporados (por exemplo, v\u00eddeos, imagens, artigos, etc.). O conte\u00fado incorporado de outros s\u00edtios Web comporta-se exatamente como se o visitante tivesse visitado o outro s\u00edtio Web.<\/p>\n\n\n\n<p>Estes s\u00edtios Web podem recolher dados sobre o utilizador, utilizar cookies, incorporar servi\u00e7os de rastreio adicionais de terceiros e registar a sua intera\u00e7\u00e3o com este conte\u00fado incorporado, incluindo a sua intera\u00e7\u00e3o com o conte\u00fado incorporado se tiver uma conta e estiver ligado a este s\u00edtio Web.<\/p>\n\n\n\n<h2 class=\"wp-block-heading\">Com quem partilhamos os seus dados<\/h2>\n\n\n\n<p><strong class=\"privacy-policy-tutorial\">Texto sugerido: <\/strong>Se solicitar uma redefini\u00e7\u00e3o da palavra-passe, o seu endere\u00e7o IP ser\u00e1 inclu\u00eddo na mensagem de correio eletr\u00f3nico de redefini\u00e7\u00e3o.<\/p>\n\n\n\n<h2 class=\"wp-block-heading\">Durante quanto tempo guardamos os seus dados<\/h2>\n\n\n\n<p><strong class=\"privacy-policy-tutorial\">Sugest\u00e3o de texto: <\/strong>Se escrever um coment\u00e1rio, este ser\u00e1 guardado indefinidamente, incluindo os metadados. Desta forma, podemos reconhecer e aprovar automaticamente os coment\u00e1rios de seguimento em vez de os manter numa fila de modera\u00e7\u00e3o.<\/p>\n\n\n\n<p>Para os utilizadores que se registam no nosso s\u00edtio Web, tamb\u00e9m guardamos as informa\u00e7\u00f5es pessoais que fornecem nos seus perfis de utilizador. Todos os utilizadores podem ver, alterar ou apagar as suas informa\u00e7\u00f5es pessoais em qualquer altura (o nome de utilizador n\u00e3o pode ser alterado). Os administradores do s\u00edtio Web tamb\u00e9m podem ver e alterar estas informa\u00e7\u00f5es.<\/p>\n\n\n\n<h2 class=\"wp-block-heading\">Que direitos tem sobre os seus dados<\/h2>\n\n\n\n<p><strong class=\"privacy-policy-tutorial\">Texto sugerido: <\/strong>Se tiver uma conta neste s\u00edtio Web ou tiver escrito coment\u00e1rios, pode solicitar-nos a exporta\u00e7\u00e3o dos seus dados pessoais, incluindo quaisquer dados que nos tenha fornecido. Al\u00e9m disso, pode solicitar a elimina\u00e7\u00e3o de todos os dados pessoais que tenhamos guardado sobre si. Isto n\u00e3o inclui os dados que somos obrigados a reter por raz\u00f5es administrativas, legais ou de seguran\u00e7a.<\/p>\n\n\n\n<h2 class=\"wp-block-heading\">Para onde s\u00e3o enviados os seus dados<\/h2>\n\n\n\n<p><strong class=\"privacy-policy-tutorial\">Sugest\u00e3o de texto: <\/strong>Os coment\u00e1rios dos visitantes podem ser analisados por um servi\u00e7o autom\u00e1tico de dete\u00e7\u00e3o de spam.<\/p>\n","protected":false},"excerpt":{"rendered":"<p>Quem somos Texto sugerido: O endere\u00e7o do nosso s\u00edtio Web \u00e9: http:\/\/derkom. Coment\u00e1rios Sugest\u00e3o de texto: Quando os visitantes escrevem coment\u00e1rios no s\u00edtio Web, recolhemos os dados apresentados no formul\u00e1rio de coment\u00e1rio, o endere\u00e7o IP do visitante e a cadeia do agente do utilizador (que identifica o navegador) para ajudar a reconhecer o spam. Uma [&hellip;]<\/p>\n","protected":false},"author":1,"featured_media":0,"parent":0,"menu_order":9,"comment_status":"closed","ping_status":"closed","template":"","meta":{"_acf_changed":false,"footnotes":""},"class_list":["post-2576","page","type-page","status-publish","hentry"],"acf":[],"yoast_head":"<!-- This site is optimized with the Yoast SEO plugin v27.1.1 - https:\/\/yoast.com\/product\/yoast-seo-wordpress\/ -->\n<title>Impress\u00e3o - DERKOM+KLEIN<\/title>\n<meta name=\"robots\" content=\"index, follow, max-snippet:-1, max-image-preview:large, max-video-preview:-1\" \/>\n<link rel=\"canonical\" href=\"https:\/\/derkom.de\/pt-pt\/impressao\/\" \/>\n<meta property=\"og:locale\" content=\"pt_PT\" \/>\n<meta property=\"og:type\" content=\"article\" \/>\n<meta property=\"og:title\" content=\"Impress\u00e3o - DERKOM+KLEIN\" \/>\n<meta property=\"og:description\" content=\"Quem somos Texto sugerido: O endere\u00e7o do nosso s\u00edtio Web \u00e9: http:\/\/derkom. Coment\u00e1rios Sugest\u00e3o de texto: Quando os visitantes escrevem coment\u00e1rios no s\u00edtio Web, recolhemos os dados apresentados no formul\u00e1rio de coment\u00e1rio, o endere\u00e7o IP do visitante e a cadeia do agente do utilizador (que identifica o navegador) para ajudar a reconhecer o spam. Uma [&hellip;]\" \/>\n<meta property=\"og:url\" content=\"https:\/\/derkom.de\/pt-pt\/impressao\/\" \/>\n<meta property=\"og:site_name\" content=\"DERKOM+KLEIN\" \/>\n<meta property=\"article:modified_time\" content=\"2024-08-21T06:47:56+00:00\" \/>\n<meta name=\"twitter:card\" content=\"summary_large_image\" \/>\n<meta name=\"twitter:label1\" content=\"Tempo estimado de leitura\" \/>\n\t<meta name=\"twitter:data1\" content=\"4 minutos\" \/>\n<script type=\"application\/ld+json\" class=\"yoast-schema-graph\">{\"@context\":\"https:\/\/schema.org\",\"@graph\":[{\"@type\":\"WebPage\",\"@id\":\"https:\/\/derkom.de\/pt-pt\/impressao\/\",\"url\":\"https:\/\/derkom.de\/pt-pt\/impressao\/\",\"name\":\"Impress\u00e3o - DERKOM+KLEIN\",\"isPartOf\":{\"@id\":\"https:\/\/derkom.de\/pt-pt\/#website\"},\"datePublished\":\"2023-08-03T10:28:56+00:00\",\"dateModified\":\"2024-08-21T06:47:56+00:00\",\"breadcrumb\":{\"@id\":\"https:\/\/derkom.de\/pt-pt\/impressao\/#breadcrumb\"},\"inLanguage\":\"pt-PT\",\"potentialAction\":[{\"@type\":\"ReadAction\",\"target\":[\"https:\/\/derkom.de\/pt-pt\/impressao\/\"]}]},{\"@type\":\"BreadcrumbList\",\"@id\":\"https:\/\/derkom.de\/pt-pt\/impressao\/#breadcrumb\",\"itemListElement\":[{\"@type\":\"ListItem\",\"position\":1,\"name\":\"Home\",\"item\":\"https:\/\/derkom.de\/pt-pt\/\"},{\"@type\":\"ListItem\",\"position\":2,\"name\":\"Impress\u00e3o\"}]},{\"@type\":\"WebSite\",\"@id\":\"https:\/\/derkom.de\/pt-pt\/#website\",\"url\":\"https:\/\/derkom.de\/pt-pt\/\",\"name\":\"DERKOM+KLEIN\",\"description\":\"\",\"publisher\":{\"@id\":\"https:\/\/derkom.de\/pt-pt\/#organization\"},\"potentialAction\":[{\"@type\":\"SearchAction\",\"target\":{\"@type\":\"EntryPoint\",\"urlTemplate\":\"https:\/\/derkom.de\/pt-pt\/?s={search_term_string}\"},\"query-input\":{\"@type\":\"PropertyValueSpecification\",\"valueRequired\":true,\"valueName\":\"search_term_string\"}}],\"inLanguage\":\"pt-PT\"},{\"@type\":\"Organization\",\"@id\":\"https:\/\/derkom.de\/pt-pt\/#organization\",\"name\":\"DERKOM+KLEIN\",\"url\":\"https:\/\/derkom.de\/pt-pt\/\",\"logo\":{\"@type\":\"ImageObject\",\"inLanguage\":\"pt-PT\",\"@id\":\"https:\/\/derkom.de\/pt-pt\/#\/schema\/logo\/image\/\",\"url\":\"https:\/\/derkom.de\/wp-content\/uploads\/2023\/08\/f9cc958684bff2ab93064b368064f459.png\",\"contentUrl\":\"https:\/\/derkom.de\/wp-content\/uploads\/2023\/08\/f9cc958684bff2ab93064b368064f459.png\",\"width\":823,\"height\":111,\"caption\":\"DERKOM+KLEIN\"},\"image\":{\"@id\":\"https:\/\/derkom.de\/pt-pt\/#\/schema\/logo\/image\/\"}}]}<\/script>\n<!-- \/ Yoast SEO plugin. -->","yoast_head_json":{"title":"Impress\u00e3o - DERKOM+KLEIN","robots":{"index":"index","follow":"follow","max-snippet":"max-snippet:-1","max-image-preview":"max-image-preview:large","max-video-preview":"max-video-preview:-1"},"canonical":"https:\/\/derkom.de\/pt-pt\/impressao\/","og_locale":"pt_PT","og_type":"article","og_title":"Impress\u00e3o - DERKOM+KLEIN","og_description":"Quem somos Texto sugerido: O endere\u00e7o do nosso s\u00edtio Web \u00e9: http:\/\/derkom. Coment\u00e1rios Sugest\u00e3o de texto: Quando os visitantes escrevem coment\u00e1rios no s\u00edtio Web, recolhemos os dados apresentados no formul\u00e1rio de coment\u00e1rio, o endere\u00e7o IP do visitante e a cadeia do agente do utilizador (que identifica o navegador) para ajudar a reconhecer o spam. Uma [&hellip;]","og_url":"https:\/\/derkom.de\/pt-pt\/impressao\/","og_site_name":"DERKOM+KLEIN","article_modified_time":"2024-08-21T06:47:56+00:00","twitter_card":"summary_large_image","twitter_misc":{"Tempo estimado de leitura":"4 minutos"},"schema":{"@context":"https:\/\/schema.org","@graph":[{"@type":"WebPage","@id":"https:\/\/derkom.de\/pt-pt\/impressao\/","url":"https:\/\/derkom.de\/pt-pt\/impressao\/","name":"Impress\u00e3o - DERKOM+KLEIN","isPartOf":{"@id":"https:\/\/derkom.de\/pt-pt\/#website"},"datePublished":"2023-08-03T10:28:56+00:00","dateModified":"2024-08-21T06:47:56+00:00","breadcrumb":{"@id":"https:\/\/derkom.de\/pt-pt\/impressao\/#breadcrumb"},"inLanguage":"pt-PT","potentialAction":[{"@type":"ReadAction","target":["https:\/\/derkom.de\/pt-pt\/impressao\/"]}]},{"@type":"BreadcrumbList","@id":"https:\/\/derkom.de\/pt-pt\/impressao\/#breadcrumb","itemListElement":[{"@type":"ListItem","position":1,"name":"Home","item":"https:\/\/derkom.de\/pt-pt\/"},{"@type":"ListItem","position":2,"name":"Impress\u00e3o"}]},{"@type":"WebSite","@id":"https:\/\/derkom.de\/pt-pt\/#website","url":"https:\/\/derkom.de\/pt-pt\/","name":"DERKOM+KLEIN","description":"","publisher":{"@id":"https:\/\/derkom.de\/pt-pt\/#organization"},"potentialAction":[{"@type":"SearchAction","target":{"@type":"EntryPoint","urlTemplate":"https:\/\/derkom.de\/pt-pt\/?s={search_term_string}"},"query-input":{"@type":"PropertyValueSpecification","valueRequired":true,"valueName":"search_term_string"}}],"inLanguage":"pt-PT"},{"@type":"Organization","@id":"https:\/\/derkom.de\/pt-pt\/#organization","name":"DERKOM+KLEIN","url":"https:\/\/derkom.de\/pt-pt\/","logo":{"@type":"ImageObject","inLanguage":"pt-PT","@id":"https:\/\/derkom.de\/pt-pt\/#\/schema\/logo\/image\/","url":"https:\/\/derkom.de\/wp-content\/uploads\/2023\/08\/f9cc958684bff2ab93064b368064f459.png","contentUrl":"https:\/\/derkom.de\/wp-content\/uploads\/2023\/08\/f9cc958684bff2ab93064b368064f459.png","width":823,"height":111,"caption":"DERKOM+KLEIN"},"image":{"@id":"https:\/\/derkom.de\/pt-pt\/#\/schema\/logo\/image\/"}}]}},"_links":{"self":[{"href":"https:\/\/derkom.de\/pt-pt\/wp-json\/wp\/v2\/pages\/2576","targetHints":{"allow":["GET"]}}],"collection":[{"href":"https:\/\/derkom.de\/pt-pt\/wp-json\/wp\/v2\/pages"}],"about":[{"href":"https:\/\/derkom.de\/pt-pt\/wp-json\/wp\/v2\/types\/page"}],"author":[{"embeddable":true,"href":"https:\/\/derkom.de\/pt-pt\/wp-json\/wp\/v2\/users\/1"}],"replies":[{"embeddable":true,"href":"https:\/\/derkom.de\/pt-pt\/wp-json\/wp\/v2\/comments?post=2576"}],"version-history":[{"count":2,"href":"https:\/\/derkom.de\/pt-pt\/wp-json\/wp\/v2\/pages\/2576\/revisions"}],"predecessor-version":[{"id":3020,"href":"https:\/\/derkom.de\/pt-pt\/wp-json\/wp\/v2\/pages\/2576\/revisions\/3020"}],"wp:attachment":[{"href":"https:\/\/derkom.de\/pt-pt\/wp-json\/wp\/v2\/media?parent=2576"}],"curies":[{"name":"wp","href":"https:\/\/api.w.org\/{rel}","templated":true}]}}