{"id":2183,"date":"2023-08-28T20:31:03","date_gmt":"2023-08-28T18:31:03","guid":{"rendered":"https:\/\/derkom.de\/product\/meules-a-deux-zones\/"},"modified":"2024-03-19T10:16:09","modified_gmt":"2024-03-19T09:16:09","slug":"meules-a-deux-zones","status":"publish","type":"product","link":"https:\/\/derkom.de\/fr\/product\/meules-a-deux-zones\/","title":{"rendered":"Meules \u00e0 deux zones"},"content":{"rendered":"","protected":false},"excerpt":{"rendered":"","protected":false},"author":9,"featured_media":0,"menu_order":2,"template":"","format":"standard","meta":{"_acf_changed":false,"footnotes":""},"class_list":["post-2183","product","type-product","status-publish","format-standard","hentry"],"acf":[],"yoast_head":"<!-- This site is optimized with the Yoast SEO plugin v27.1.1 - https:\/\/yoast.com\/product\/yoast-seo-wordpress\/ -->\n<title>Meules \u00e0 deux zones - DERKOM+KLEIN<\/title>\n<meta name=\"description\" content=\"La zone ext\u00e9rieure flexible appliqu\u00e9e conf\u00e8re \u00e0 la lame un affinage homog\u00e8ne de la surface, ce qui r\u00e9duit significativement la sensibilit\u00e9 \u00e0 la corrosion.\" \/>\n<meta name=\"robots\" content=\"index, follow, max-snippet:-1, max-image-preview:large, max-video-preview:-1\" \/>\n<link rel=\"canonical\" href=\"https:\/\/derkom.de\/fr\/product\/meules-a-deux-zones\/\" \/>\n<meta property=\"og:locale\" content=\"fr_FR\" \/>\n<meta property=\"og:type\" content=\"article\" \/>\n<meta property=\"og:title\" content=\"Meules \u00e0 deux zones - DERKOM+KLEIN\" \/>\n<meta property=\"og:description\" content=\"La zone ext\u00e9rieure flexible appliqu\u00e9e conf\u00e8re \u00e0 la lame un affinage homog\u00e8ne de la surface, ce qui r\u00e9duit significativement la sensibilit\u00e9 \u00e0 la corrosion.\" \/>\n<meta property=\"og:url\" content=\"https:\/\/derkom.de\/fr\/product\/meules-a-deux-zones\/\" \/>\n<meta property=\"og:site_name\" content=\"DERKOM+KLEIN\" \/>\n<meta property=\"article:modified_time\" content=\"2024-03-19T09:16:09+00:00\" \/>\n<meta name=\"twitter:card\" content=\"summary_large_image\" \/>\n<script type=\"application\/ld+json\" class=\"yoast-schema-graph\">{\"@context\":\"https:\/\/schema.org\",\"@graph\":[{\"@type\":\"WebPage\",\"@id\":\"https:\/\/derkom.de\/fr\/product\/meules-a-deux-zones\/\",\"url\":\"https:\/\/derkom.de\/fr\/product\/meules-a-deux-zones\/\",\"name\":\"Meules \u00e0 deux zones - DERKOM+KLEIN\",\"isPartOf\":{\"@id\":\"https:\/\/derkom.de\/fr\/#website\"},\"datePublished\":\"2023-08-28T18:31:03+00:00\",\"dateModified\":\"2024-03-19T09:16:09+00:00\",\"description\":\"La zone ext\u00e9rieure flexible appliqu\u00e9e conf\u00e8re \u00e0 la lame un affinage homog\u00e8ne de la surface, ce qui r\u00e9duit significativement la sensibilit\u00e9 \u00e0 la corrosion.\",\"breadcrumb\":{\"@id\":\"https:\/\/derkom.de\/fr\/product\/meules-a-deux-zones\/#breadcrumb\"},\"inLanguage\":\"fr-FR\",\"potentialAction\":[{\"@type\":\"ReadAction\",\"target\":[\"https:\/\/derkom.de\/fr\/product\/meules-a-deux-zones\/\"]}]},{\"@type\":\"BreadcrumbList\",\"@id\":\"https:\/\/derkom.de\/fr\/product\/meules-a-deux-zones\/#breadcrumb\",\"itemListElement\":[{\"@type\":\"ListItem\",\"position\":1,\"name\":\"Home\",\"item\":\"https:\/\/derkom.de\/fr\/\"},{\"@type\":\"ListItem\",\"position\":2,\"name\":\"Meules \u00e0 deux zones\"}]},{\"@type\":\"WebSite\",\"@id\":\"https:\/\/derkom.de\/fr\/#website\",\"url\":\"https:\/\/derkom.de\/fr\/\",\"name\":\"DERKOM+KLEIN\",\"description\":\"\",\"publisher\":{\"@id\":\"https:\/\/derkom.de\/fr\/#organization\"},\"potentialAction\":[{\"@type\":\"SearchAction\",\"target\":{\"@type\":\"EntryPoint\",\"urlTemplate\":\"https:\/\/derkom.de\/fr\/?s={search_term_string}\"},\"query-input\":{\"@type\":\"PropertyValueSpecification\",\"valueRequired\":true,\"valueName\":\"search_term_string\"}}],\"inLanguage\":\"fr-FR\"},{\"@type\":\"Organization\",\"@id\":\"https:\/\/derkom.de\/fr\/#organization\",\"name\":\"DERKOM+KLEIN\",\"url\":\"https:\/\/derkom.de\/fr\/\",\"logo\":{\"@type\":\"ImageObject\",\"inLanguage\":\"fr-FR\",\"@id\":\"https:\/\/derkom.de\/fr\/#\/schema\/logo\/image\/\",\"url\":\"https:\/\/derkom.de\/wp-content\/uploads\/2023\/08\/f9cc958684bff2ab93064b368064f459.png\",\"contentUrl\":\"https:\/\/derkom.de\/wp-content\/uploads\/2023\/08\/f9cc958684bff2ab93064b368064f459.png\",\"width\":823,\"height\":111,\"caption\":\"DERKOM+KLEIN\"},\"image\":{\"@id\":\"https:\/\/derkom.de\/fr\/#\/schema\/logo\/image\/\"}}]}<\/script>\n<!-- \/ Yoast SEO plugin. -->","yoast_head_json":{"title":"Meules \u00e0 deux zones - DERKOM+KLEIN","description":"La zone ext\u00e9rieure flexible appliqu\u00e9e conf\u00e8re \u00e0 la lame un affinage homog\u00e8ne de la surface, ce qui r\u00e9duit significativement la sensibilit\u00e9 \u00e0 la corrosion.","robots":{"index":"index","follow":"follow","max-snippet":"max-snippet:-1","max-image-preview":"max-image-preview:large","max-video-preview":"max-video-preview:-1"},"canonical":"https:\/\/derkom.de\/fr\/product\/meules-a-deux-zones\/","og_locale":"fr_FR","og_type":"article","og_title":"Meules \u00e0 deux zones - DERKOM+KLEIN","og_description":"La zone ext\u00e9rieure flexible appliqu\u00e9e conf\u00e8re \u00e0 la lame un affinage homog\u00e8ne de la surface, ce qui r\u00e9duit significativement la sensibilit\u00e9 \u00e0 la corrosion.","og_url":"https:\/\/derkom.de\/fr\/product\/meules-a-deux-zones\/","og_site_name":"DERKOM+KLEIN","article_modified_time":"2024-03-19T09:16:09+00:00","twitter_card":"summary_large_image","schema":{"@context":"https:\/\/schema.org","@graph":[{"@type":"WebPage","@id":"https:\/\/derkom.de\/fr\/product\/meules-a-deux-zones\/","url":"https:\/\/derkom.de\/fr\/product\/meules-a-deux-zones\/","name":"Meules \u00e0 deux zones - DERKOM+KLEIN","isPartOf":{"@id":"https:\/\/derkom.de\/fr\/#website"},"datePublished":"2023-08-28T18:31:03+00:00","dateModified":"2024-03-19T09:16:09+00:00","description":"La zone ext\u00e9rieure flexible appliqu\u00e9e conf\u00e8re \u00e0 la lame un affinage homog\u00e8ne de la surface, ce qui r\u00e9duit significativement la sensibilit\u00e9 \u00e0 la corrosion.","breadcrumb":{"@id":"https:\/\/derkom.de\/fr\/product\/meules-a-deux-zones\/#breadcrumb"},"inLanguage":"fr-FR","potentialAction":[{"@type":"ReadAction","target":["https:\/\/derkom.de\/fr\/product\/meules-a-deux-zones\/"]}]},{"@type":"BreadcrumbList","@id":"https:\/\/derkom.de\/fr\/product\/meules-a-deux-zones\/#breadcrumb","itemListElement":[{"@type":"ListItem","position":1,"name":"Home","item":"https:\/\/derkom.de\/fr\/"},{"@type":"ListItem","position":2,"name":"Meules \u00e0 deux zones"}]},{"@type":"WebSite","@id":"https:\/\/derkom.de\/fr\/#website","url":"https:\/\/derkom.de\/fr\/","name":"DERKOM+KLEIN","description":"","publisher":{"@id":"https:\/\/derkom.de\/fr\/#organization"},"potentialAction":[{"@type":"SearchAction","target":{"@type":"EntryPoint","urlTemplate":"https:\/\/derkom.de\/fr\/?s={search_term_string}"},"query-input":{"@type":"PropertyValueSpecification","valueRequired":true,"valueName":"search_term_string"}}],"inLanguage":"fr-FR"},{"@type":"Organization","@id":"https:\/\/derkom.de\/fr\/#organization","name":"DERKOM+KLEIN","url":"https:\/\/derkom.de\/fr\/","logo":{"@type":"ImageObject","inLanguage":"fr-FR","@id":"https:\/\/derkom.de\/fr\/#\/schema\/logo\/image\/","url":"https:\/\/derkom.de\/wp-content\/uploads\/2023\/08\/f9cc958684bff2ab93064b368064f459.png","contentUrl":"https:\/\/derkom.de\/wp-content\/uploads\/2023\/08\/f9cc958684bff2ab93064b368064f459.png","width":823,"height":111,"caption":"DERKOM+KLEIN"},"image":{"@id":"https:\/\/derkom.de\/fr\/#\/schema\/logo\/image\/"}}]}},"_links":{"self":[{"href":"https:\/\/derkom.de\/fr\/wp-json\/wp\/v2\/product\/2183","targetHints":{"allow":["GET"]}}],"collection":[{"href":"https:\/\/derkom.de\/fr\/wp-json\/wp\/v2\/product"}],"about":[{"href":"https:\/\/derkom.de\/fr\/wp-json\/wp\/v2\/types\/product"}],"author":[{"embeddable":true,"href":"https:\/\/derkom.de\/fr\/wp-json\/wp\/v2\/users\/9"}],"version-history":[{"count":1,"href":"https:\/\/derkom.de\/fr\/wp-json\/wp\/v2\/product\/2183\/revisions"}],"predecessor-version":[{"id":2184,"href":"https:\/\/derkom.de\/fr\/wp-json\/wp\/v2\/product\/2183\/revisions\/2184"}],"wp:attachment":[{"href":"https:\/\/derkom.de\/fr\/wp-json\/wp\/v2\/media?parent=2183"}],"curies":[{"name":"wp","href":"https:\/\/api.w.org\/{rel}","templated":true}]}}