{"id":2792,"date":"2023-08-30T23:50:33","date_gmt":"2023-08-30T21:50:33","guid":{"rendered":"https:\/\/derkom.de\/types-de-machines\/"},"modified":"2024-04-08T12:43:27","modified_gmt":"2024-04-08T10:43:27","slug":"types-de-machines","status":"publish","type":"page","link":"https:\/\/derkom.de\/fr\/types-de-machines\/","title":{"rendered":"Types de machines"},"content":{"rendered":"","protected":false},"excerpt":{"rendered":"","protected":false},"author":9,"featured_media":0,"parent":0,"menu_order":6,"comment_status":"closed","ping_status":"closed","template":"","meta":{"_acf_changed":false,"footnotes":""},"class_list":["post-2792","page","type-page","status-publish","hentry"],"acf":[],"yoast_head":"<!-- This site is optimized with the Yoast SEO plugin v27.1.1 - https:\/\/yoast.com\/product\/yoast-seo-wordpress\/ -->\n<title>Types de machines - DERKOM+KLEIN<\/title>\n<meta name=\"description\" content=\"Gr\u00e2ce \u00e0 notre production flexible de meules, nous ne sommes li\u00e9s \u00e0 aucun fabricant de machines. Nous fabriquons des meules, des meules boisseau et des bagues collectrices avec serrage d&#039;\u00e9crou, serrage interne, logement d&#039;arbre, collage et diff\u00e9rentes tensions externes.\" \/>\n<meta name=\"robots\" content=\"index, follow, max-snippet:-1, max-image-preview:large, max-video-preview:-1\" \/>\n<link rel=\"canonical\" href=\"https:\/\/derkom.de\/fr\/types-de-machines\/\" \/>\n<meta property=\"og:locale\" content=\"fr_FR\" \/>\n<meta property=\"og:type\" content=\"article\" \/>\n<meta property=\"og:title\" content=\"Types de machines - DERKOM+KLEIN\" \/>\n<meta property=\"og:description\" content=\"Gr\u00e2ce \u00e0 notre production flexible de meules, nous ne sommes li\u00e9s \u00e0 aucun fabricant de machines. Nous fabriquons des meules, des meules boisseau et des bagues collectrices avec serrage d&#039;\u00e9crou, serrage interne, logement d&#039;arbre, collage et diff\u00e9rentes tensions externes.\" \/>\n<meta property=\"og:url\" content=\"https:\/\/derkom.de\/fr\/types-de-machines\/\" \/>\n<meta property=\"og:site_name\" content=\"DERKOM+KLEIN\" \/>\n<meta property=\"article:modified_time\" content=\"2024-04-08T10:43:27+00:00\" \/>\n<meta name=\"twitter:card\" content=\"summary_large_image\" \/>\n<script type=\"application\/ld+json\" class=\"yoast-schema-graph\">{\"@context\":\"https:\/\/schema.org\",\"@graph\":[{\"@type\":\"WebPage\",\"@id\":\"https:\/\/derkom.de\/fr\/types-de-machines\/\",\"url\":\"https:\/\/derkom.de\/fr\/types-de-machines\/\",\"name\":\"Types de machines - DERKOM+KLEIN\",\"isPartOf\":{\"@id\":\"https:\/\/derkom.de\/fr\/#website\"},\"datePublished\":\"2023-08-30T21:50:33+00:00\",\"dateModified\":\"2024-04-08T10:43:27+00:00\",\"description\":\"Gr\u00e2ce \u00e0 notre production flexible de meules, nous ne sommes li\u00e9s \u00e0 aucun fabricant de machines. Nous fabriquons des meules, des meules boisseau et des bagues collectrices avec serrage d'\u00e9crou, serrage interne, logement d'arbre, collage et diff\u00e9rentes tensions externes.\",\"breadcrumb\":{\"@id\":\"https:\/\/derkom.de\/fr\/types-de-machines\/#breadcrumb\"},\"inLanguage\":\"fr-FR\",\"potentialAction\":[{\"@type\":\"ReadAction\",\"target\":[\"https:\/\/derkom.de\/fr\/types-de-machines\/\"]}]},{\"@type\":\"BreadcrumbList\",\"@id\":\"https:\/\/derkom.de\/fr\/types-de-machines\/#breadcrumb\",\"itemListElement\":[{\"@type\":\"ListItem\",\"position\":1,\"name\":\"Home\",\"item\":\"https:\/\/derkom.de\/fr\/\"},{\"@type\":\"ListItem\",\"position\":2,\"name\":\"Types de machines\"}]},{\"@type\":\"WebSite\",\"@id\":\"https:\/\/derkom.de\/fr\/#website\",\"url\":\"https:\/\/derkom.de\/fr\/\",\"name\":\"DERKOM+KLEIN\",\"description\":\"\",\"publisher\":{\"@id\":\"https:\/\/derkom.de\/fr\/#organization\"},\"potentialAction\":[{\"@type\":\"SearchAction\",\"target\":{\"@type\":\"EntryPoint\",\"urlTemplate\":\"https:\/\/derkom.de\/fr\/?s={search_term_string}\"},\"query-input\":{\"@type\":\"PropertyValueSpecification\",\"valueRequired\":true,\"valueName\":\"search_term_string\"}}],\"inLanguage\":\"fr-FR\"},{\"@type\":\"Organization\",\"@id\":\"https:\/\/derkom.de\/fr\/#organization\",\"name\":\"DERKOM+KLEIN\",\"url\":\"https:\/\/derkom.de\/fr\/\",\"logo\":{\"@type\":\"ImageObject\",\"inLanguage\":\"fr-FR\",\"@id\":\"https:\/\/derkom.de\/fr\/#\/schema\/logo\/image\/\",\"url\":\"https:\/\/derkom.de\/wp-content\/uploads\/2023\/08\/f9cc958684bff2ab93064b368064f459.png\",\"contentUrl\":\"https:\/\/derkom.de\/wp-content\/uploads\/2023\/08\/f9cc958684bff2ab93064b368064f459.png\",\"width\":823,\"height\":111,\"caption\":\"DERKOM+KLEIN\"},\"image\":{\"@id\":\"https:\/\/derkom.de\/fr\/#\/schema\/logo\/image\/\"}}]}<\/script>\n<!-- \/ Yoast SEO plugin. -->","yoast_head_json":{"title":"Types de machines - DERKOM+KLEIN","description":"Gr\u00e2ce \u00e0 notre production flexible de meules, nous ne sommes li\u00e9s \u00e0 aucun fabricant de machines. Nous fabriquons des meules, des meules boisseau et des bagues collectrices avec serrage d'\u00e9crou, serrage interne, logement d'arbre, collage et diff\u00e9rentes tensions externes.","robots":{"index":"index","follow":"follow","max-snippet":"max-snippet:-1","max-image-preview":"max-image-preview:large","max-video-preview":"max-video-preview:-1"},"canonical":"https:\/\/derkom.de\/fr\/types-de-machines\/","og_locale":"fr_FR","og_type":"article","og_title":"Types de machines - DERKOM+KLEIN","og_description":"Gr\u00e2ce \u00e0 notre production flexible de meules, nous ne sommes li\u00e9s \u00e0 aucun fabricant de machines. Nous fabriquons des meules, des meules boisseau et des bagues collectrices avec serrage d'\u00e9crou, serrage interne, logement d'arbre, collage et diff\u00e9rentes tensions externes.","og_url":"https:\/\/derkom.de\/fr\/types-de-machines\/","og_site_name":"DERKOM+KLEIN","article_modified_time":"2024-04-08T10:43:27+00:00","twitter_card":"summary_large_image","schema":{"@context":"https:\/\/schema.org","@graph":[{"@type":"WebPage","@id":"https:\/\/derkom.de\/fr\/types-de-machines\/","url":"https:\/\/derkom.de\/fr\/types-de-machines\/","name":"Types de machines - DERKOM+KLEIN","isPartOf":{"@id":"https:\/\/derkom.de\/fr\/#website"},"datePublished":"2023-08-30T21:50:33+00:00","dateModified":"2024-04-08T10:43:27+00:00","description":"Gr\u00e2ce \u00e0 notre production flexible de meules, nous ne sommes li\u00e9s \u00e0 aucun fabricant de machines. Nous fabriquons des meules, des meules boisseau et des bagues collectrices avec serrage d'\u00e9crou, serrage interne, logement d'arbre, collage et diff\u00e9rentes tensions externes.","breadcrumb":{"@id":"https:\/\/derkom.de\/fr\/types-de-machines\/#breadcrumb"},"inLanguage":"fr-FR","potentialAction":[{"@type":"ReadAction","target":["https:\/\/derkom.de\/fr\/types-de-machines\/"]}]},{"@type":"BreadcrumbList","@id":"https:\/\/derkom.de\/fr\/types-de-machines\/#breadcrumb","itemListElement":[{"@type":"ListItem","position":1,"name":"Home","item":"https:\/\/derkom.de\/fr\/"},{"@type":"ListItem","position":2,"name":"Types de machines"}]},{"@type":"WebSite","@id":"https:\/\/derkom.de\/fr\/#website","url":"https:\/\/derkom.de\/fr\/","name":"DERKOM+KLEIN","description":"","publisher":{"@id":"https:\/\/derkom.de\/fr\/#organization"},"potentialAction":[{"@type":"SearchAction","target":{"@type":"EntryPoint","urlTemplate":"https:\/\/derkom.de\/fr\/?s={search_term_string}"},"query-input":{"@type":"PropertyValueSpecification","valueRequired":true,"valueName":"search_term_string"}}],"inLanguage":"fr-FR"},{"@type":"Organization","@id":"https:\/\/derkom.de\/fr\/#organization","name":"DERKOM+KLEIN","url":"https:\/\/derkom.de\/fr\/","logo":{"@type":"ImageObject","inLanguage":"fr-FR","@id":"https:\/\/derkom.de\/fr\/#\/schema\/logo\/image\/","url":"https:\/\/derkom.de\/wp-content\/uploads\/2023\/08\/f9cc958684bff2ab93064b368064f459.png","contentUrl":"https:\/\/derkom.de\/wp-content\/uploads\/2023\/08\/f9cc958684bff2ab93064b368064f459.png","width":823,"height":111,"caption":"DERKOM+KLEIN"},"image":{"@id":"https:\/\/derkom.de\/fr\/#\/schema\/logo\/image\/"}}]}},"_links":{"self":[{"href":"https:\/\/derkom.de\/fr\/wp-json\/wp\/v2\/pages\/2792","targetHints":{"allow":["GET"]}}],"collection":[{"href":"https:\/\/derkom.de\/fr\/wp-json\/wp\/v2\/pages"}],"about":[{"href":"https:\/\/derkom.de\/fr\/wp-json\/wp\/v2\/types\/page"}],"author":[{"embeddable":true,"href":"https:\/\/derkom.de\/fr\/wp-json\/wp\/v2\/users\/9"}],"replies":[{"embeddable":true,"href":"https:\/\/derkom.de\/fr\/wp-json\/wp\/v2\/comments?post=2792"}],"version-history":[{"count":3,"href":"https:\/\/derkom.de\/fr\/wp-json\/wp\/v2\/pages\/2792\/revisions"}],"predecessor-version":[{"id":3634,"href":"https:\/\/derkom.de\/fr\/wp-json\/wp\/v2\/pages\/2792\/revisions\/3634"}],"wp:attachment":[{"href":"https:\/\/derkom.de\/fr\/wp-json\/wp\/v2\/media?parent=2792"}],"curies":[{"name":"wp","href":"https:\/\/api.w.org\/{rel}","templated":true}]}}