{"id":2704,"date":"2023-08-29T00:07:06","date_gmt":"2023-08-28T22:07:06","guid":{"rendered":"https:\/\/derkom.de\/applications\/ciseaux\/"},"modified":"2026-01-30T12:46:19","modified_gmt":"2026-01-30T11:46:19","slug":"ciseaux","status":"publish","type":"page","link":"https:\/\/derkom.de\/fr\/applications\/ciseaux\/","title":{"rendered":"Ciseaux"},"content":{"rendered":"","protected":false},"excerpt":{"rendered":"","protected":false},"author":9,"featured_media":0,"parent":2261,"menu_order":3,"comment_status":"closed","ping_status":"closed","template":"","meta":{"_acf_changed":false,"footnotes":""},"class_list":["post-2704","page","type-page","status-publish","hentry"],"acf":[],"yoast_head":"<!-- This site is optimized with the Yoast SEO plugin v27.1.1 - https:\/\/yoast.com\/product\/yoast-seo-wordpress\/ -->\n<title>Ciseaux - DERKOM+KLEIN<\/title>\n<meta name=\"description\" content=\"Pour obtenir une coupe optimale, la forme des ciseaux, mais surtout le bon aff\u00fbtage sont aujourd&#039;hui des \u00e9l\u00e9ments essentiels dans la fabrication des ciseaux.\" \/>\n<meta name=\"robots\" content=\"index, follow, max-snippet:-1, max-image-preview:large, max-video-preview:-1\" \/>\n<link rel=\"canonical\" href=\"https:\/\/derkom.de\/fr\/applications\/ciseaux\/\" \/>\n<meta property=\"og:locale\" content=\"fr_FR\" \/>\n<meta property=\"og:type\" content=\"article\" \/>\n<meta property=\"og:title\" content=\"Ciseaux - DERKOM+KLEIN\" \/>\n<meta property=\"og:description\" content=\"Pour obtenir une coupe optimale, la forme des ciseaux, mais surtout le bon aff\u00fbtage sont aujourd&#039;hui des \u00e9l\u00e9ments essentiels dans la fabrication des ciseaux.\" \/>\n<meta property=\"og:url\" content=\"https:\/\/derkom.de\/fr\/applications\/ciseaux\/\" \/>\n<meta property=\"og:site_name\" content=\"DERKOM+KLEIN\" \/>\n<meta property=\"article:modified_time\" content=\"2026-01-30T11:46:19+00:00\" \/>\n<meta name=\"twitter:card\" content=\"summary_large_image\" \/>\n<meta name=\"twitter:label1\" content=\"Dur\u00e9e de lecture estim\u00e9e\" \/>\n\t<meta name=\"twitter:data1\" content=\"1 minute\" \/>\n<script type=\"application\/ld+json\" class=\"yoast-schema-graph\">{\"@context\":\"https:\/\/schema.org\",\"@graph\":[{\"@type\":\"WebPage\",\"@id\":\"https:\/\/derkom.de\/fr\/applications\/ciseaux\/\",\"url\":\"https:\/\/derkom.de\/fr\/applications\/ciseaux\/\",\"name\":\"Ciseaux - DERKOM+KLEIN\",\"isPartOf\":{\"@id\":\"https:\/\/derkom.de\/fr\/#website\"},\"datePublished\":\"2023-08-28T22:07:06+00:00\",\"dateModified\":\"2026-01-30T11:46:19+00:00\",\"description\":\"Pour obtenir une coupe optimale, la forme des ciseaux, mais surtout le bon aff\u00fbtage sont aujourd'hui des \u00e9l\u00e9ments essentiels dans la fabrication des ciseaux.\",\"breadcrumb\":{\"@id\":\"https:\/\/derkom.de\/fr\/applications\/ciseaux\/#breadcrumb\"},\"inLanguage\":\"fr-FR\",\"potentialAction\":[{\"@type\":\"ReadAction\",\"target\":[\"https:\/\/derkom.de\/fr\/applications\/ciseaux\/\"]}]},{\"@type\":\"BreadcrumbList\",\"@id\":\"https:\/\/derkom.de\/fr\/applications\/ciseaux\/#breadcrumb\",\"itemListElement\":[{\"@type\":\"ListItem\",\"position\":1,\"name\":\"Home\",\"item\":\"https:\/\/derkom.de\/fr\/\"},{\"@type\":\"ListItem\",\"position\":2,\"name\":\"Applications\",\"item\":\"https:\/\/derkom.de\/fr\/applications\/\"},{\"@type\":\"ListItem\",\"position\":3,\"name\":\"Ciseaux\"}]},{\"@type\":\"WebSite\",\"@id\":\"https:\/\/derkom.de\/fr\/#website\",\"url\":\"https:\/\/derkom.de\/fr\/\",\"name\":\"DERKOM+KLEIN\",\"description\":\"\",\"publisher\":{\"@id\":\"https:\/\/derkom.de\/fr\/#organization\"},\"potentialAction\":[{\"@type\":\"SearchAction\",\"target\":{\"@type\":\"EntryPoint\",\"urlTemplate\":\"https:\/\/derkom.de\/fr\/?s={search_term_string}\"},\"query-input\":{\"@type\":\"PropertyValueSpecification\",\"valueRequired\":true,\"valueName\":\"search_term_string\"}}],\"inLanguage\":\"fr-FR\"},{\"@type\":\"Organization\",\"@id\":\"https:\/\/derkom.de\/fr\/#organization\",\"name\":\"DERKOM+KLEIN\",\"url\":\"https:\/\/derkom.de\/fr\/\",\"logo\":{\"@type\":\"ImageObject\",\"inLanguage\":\"fr-FR\",\"@id\":\"https:\/\/derkom.de\/fr\/#\/schema\/logo\/image\/\",\"url\":\"https:\/\/derkom.de\/wp-content\/uploads\/2023\/08\/f9cc958684bff2ab93064b368064f459.png\",\"contentUrl\":\"https:\/\/derkom.de\/wp-content\/uploads\/2023\/08\/f9cc958684bff2ab93064b368064f459.png\",\"width\":823,\"height\":111,\"caption\":\"DERKOM+KLEIN\"},\"image\":{\"@id\":\"https:\/\/derkom.de\/fr\/#\/schema\/logo\/image\/\"}}]}<\/script>\n<!-- \/ Yoast SEO plugin. -->","yoast_head_json":{"title":"Ciseaux - DERKOM+KLEIN","description":"Pour obtenir une coupe optimale, la forme des ciseaux, mais surtout le bon aff\u00fbtage sont aujourd'hui des \u00e9l\u00e9ments essentiels dans la fabrication des ciseaux.","robots":{"index":"index","follow":"follow","max-snippet":"max-snippet:-1","max-image-preview":"max-image-preview:large","max-video-preview":"max-video-preview:-1"},"canonical":"https:\/\/derkom.de\/fr\/applications\/ciseaux\/","og_locale":"fr_FR","og_type":"article","og_title":"Ciseaux - DERKOM+KLEIN","og_description":"Pour obtenir une coupe optimale, la forme des ciseaux, mais surtout le bon aff\u00fbtage sont aujourd'hui des \u00e9l\u00e9ments essentiels dans la fabrication des ciseaux.","og_url":"https:\/\/derkom.de\/fr\/applications\/ciseaux\/","og_site_name":"DERKOM+KLEIN","article_modified_time":"2026-01-30T11:46:19+00:00","twitter_card":"summary_large_image","twitter_misc":{"Dur\u00e9e de lecture estim\u00e9e":"1 minute"},"schema":{"@context":"https:\/\/schema.org","@graph":[{"@type":"WebPage","@id":"https:\/\/derkom.de\/fr\/applications\/ciseaux\/","url":"https:\/\/derkom.de\/fr\/applications\/ciseaux\/","name":"Ciseaux - DERKOM+KLEIN","isPartOf":{"@id":"https:\/\/derkom.de\/fr\/#website"},"datePublished":"2023-08-28T22:07:06+00:00","dateModified":"2026-01-30T11:46:19+00:00","description":"Pour obtenir une coupe optimale, la forme des ciseaux, mais surtout le bon aff\u00fbtage sont aujourd'hui des \u00e9l\u00e9ments essentiels dans la fabrication des ciseaux.","breadcrumb":{"@id":"https:\/\/derkom.de\/fr\/applications\/ciseaux\/#breadcrumb"},"inLanguage":"fr-FR","potentialAction":[{"@type":"ReadAction","target":["https:\/\/derkom.de\/fr\/applications\/ciseaux\/"]}]},{"@type":"BreadcrumbList","@id":"https:\/\/derkom.de\/fr\/applications\/ciseaux\/#breadcrumb","itemListElement":[{"@type":"ListItem","position":1,"name":"Home","item":"https:\/\/derkom.de\/fr\/"},{"@type":"ListItem","position":2,"name":"Applications","item":"https:\/\/derkom.de\/fr\/applications\/"},{"@type":"ListItem","position":3,"name":"Ciseaux"}]},{"@type":"WebSite","@id":"https:\/\/derkom.de\/fr\/#website","url":"https:\/\/derkom.de\/fr\/","name":"DERKOM+KLEIN","description":"","publisher":{"@id":"https:\/\/derkom.de\/fr\/#organization"},"potentialAction":[{"@type":"SearchAction","target":{"@type":"EntryPoint","urlTemplate":"https:\/\/derkom.de\/fr\/?s={search_term_string}"},"query-input":{"@type":"PropertyValueSpecification","valueRequired":true,"valueName":"search_term_string"}}],"inLanguage":"fr-FR"},{"@type":"Organization","@id":"https:\/\/derkom.de\/fr\/#organization","name":"DERKOM+KLEIN","url":"https:\/\/derkom.de\/fr\/","logo":{"@type":"ImageObject","inLanguage":"fr-FR","@id":"https:\/\/derkom.de\/fr\/#\/schema\/logo\/image\/","url":"https:\/\/derkom.de\/wp-content\/uploads\/2023\/08\/f9cc958684bff2ab93064b368064f459.png","contentUrl":"https:\/\/derkom.de\/wp-content\/uploads\/2023\/08\/f9cc958684bff2ab93064b368064f459.png","width":823,"height":111,"caption":"DERKOM+KLEIN"},"image":{"@id":"https:\/\/derkom.de\/fr\/#\/schema\/logo\/image\/"}}]}},"_links":{"self":[{"href":"https:\/\/derkom.de\/fr\/wp-json\/wp\/v2\/pages\/2704","targetHints":{"allow":["GET"]}}],"collection":[{"href":"https:\/\/derkom.de\/fr\/wp-json\/wp\/v2\/pages"}],"about":[{"href":"https:\/\/derkom.de\/fr\/wp-json\/wp\/v2\/types\/page"}],"author":[{"embeddable":true,"href":"https:\/\/derkom.de\/fr\/wp-json\/wp\/v2\/users\/9"}],"replies":[{"embeddable":true,"href":"https:\/\/derkom.de\/fr\/wp-json\/wp\/v2\/comments?post=2704"}],"version-history":[{"count":3,"href":"https:\/\/derkom.de\/fr\/wp-json\/wp\/v2\/pages\/2704\/revisions"}],"predecessor-version":[{"id":3877,"href":"https:\/\/derkom.de\/fr\/wp-json\/wp\/v2\/pages\/2704\/revisions\/3877"}],"up":[{"embeddable":true,"href":"https:\/\/derkom.de\/fr\/wp-json\/wp\/v2\/pages\/2261"}],"wp:attachment":[{"href":"https:\/\/derkom.de\/fr\/wp-json\/wp\/v2\/media?parent=2704"}],"curies":[{"name":"wp","href":"https:\/\/api.w.org\/{rel}","templated":true}]}}