{"id":2431,"date":"2023-08-28T22:24:02","date_gmt":"2023-08-28T20:24:02","guid":{"rendered":"https:\/\/derkom.de\/applications\/kitchen-tools\/"},"modified":"2026-01-30T12:41:04","modified_gmt":"2026-01-30T11:41:04","slug":"outils-de-cuisine","status":"publish","type":"page","link":"https:\/\/derkom.de\/fr\/applications\/outils-de-cuisine\/","title":{"rendered":"Outils de cuisine"},"content":{"rendered":"","protected":false},"excerpt":{"rendered":"","protected":false},"author":9,"featured_media":0,"parent":2261,"menu_order":2,"comment_status":"closed","ping_status":"closed","template":"","meta":{"_acf_changed":false,"footnotes":""},"class_list":["post-2431","page","type-page","status-publish","hentry"],"acf":[],"yoast_head":"<!-- This site is optimized with the Yoast SEO plugin v27.1.1 - https:\/\/yoast.com\/product\/yoast-seo-wordpress\/ -->\n<title>Outils de cuisine - DERKOM+KLEIN<\/title>\n<meta name=\"description\" content=\"Avec les meules de notre maison DERKOM+KLEIN, nous aidons nos clients \u00e0 aff\u00fbter et \u00e0 aiguiser leurs multiples lames de couteaux.\" \/>\n<meta name=\"robots\" content=\"index, follow, max-snippet:-1, max-image-preview:large, max-video-preview:-1\" \/>\n<link rel=\"canonical\" href=\"https:\/\/derkom.de\/fr\/applications\/outils-de-cuisine\/\" \/>\n<meta property=\"og:locale\" content=\"fr_FR\" \/>\n<meta property=\"og:type\" content=\"article\" \/>\n<meta property=\"og:title\" content=\"Outils de cuisine - DERKOM+KLEIN\" \/>\n<meta property=\"og:description\" content=\"Avec les meules de notre maison DERKOM+KLEIN, nous aidons nos clients \u00e0 aff\u00fbter et \u00e0 aiguiser leurs multiples lames de couteaux.\" \/>\n<meta property=\"og:url\" content=\"https:\/\/derkom.de\/fr\/applications\/outils-de-cuisine\/\" \/>\n<meta property=\"og:site_name\" content=\"DERKOM+KLEIN\" \/>\n<meta property=\"article:modified_time\" content=\"2026-01-30T11:41:04+00:00\" \/>\n<meta name=\"twitter:card\" content=\"summary_large_image\" \/>\n<meta name=\"twitter:label1\" content=\"Dur\u00e9e de lecture estim\u00e9e\" \/>\n\t<meta name=\"twitter:data1\" content=\"2 minutes\" \/>\n<script type=\"application\/ld+json\" class=\"yoast-schema-graph\">{\"@context\":\"https:\/\/schema.org\",\"@graph\":[{\"@type\":\"WebPage\",\"@id\":\"https:\/\/derkom.de\/fr\/applications\/outils-de-cuisine\/\",\"url\":\"https:\/\/derkom.de\/fr\/applications\/outils-de-cuisine\/\",\"name\":\"Outils de cuisine - DERKOM+KLEIN\",\"isPartOf\":{\"@id\":\"https:\/\/derkom.de\/fr\/#website\"},\"datePublished\":\"2023-08-28T20:24:02+00:00\",\"dateModified\":\"2026-01-30T11:41:04+00:00\",\"description\":\"Avec les meules de notre maison DERKOM+KLEIN, nous aidons nos clients \u00e0 aff\u00fbter et \u00e0 aiguiser leurs multiples lames de couteaux.\",\"breadcrumb\":{\"@id\":\"https:\/\/derkom.de\/fr\/applications\/outils-de-cuisine\/#breadcrumb\"},\"inLanguage\":\"fr-FR\",\"potentialAction\":[{\"@type\":\"ReadAction\",\"target\":[\"https:\/\/derkom.de\/fr\/applications\/outils-de-cuisine\/\"]}]},{\"@type\":\"BreadcrumbList\",\"@id\":\"https:\/\/derkom.de\/fr\/applications\/outils-de-cuisine\/#breadcrumb\",\"itemListElement\":[{\"@type\":\"ListItem\",\"position\":1,\"name\":\"Home\",\"item\":\"https:\/\/derkom.de\/fr\/\"},{\"@type\":\"ListItem\",\"position\":2,\"name\":\"Applications\",\"item\":\"https:\/\/derkom.de\/fr\/applications\/\"},{\"@type\":\"ListItem\",\"position\":3,\"name\":\"Outils de cuisine\"}]},{\"@type\":\"WebSite\",\"@id\":\"https:\/\/derkom.de\/fr\/#website\",\"url\":\"https:\/\/derkom.de\/fr\/\",\"name\":\"DERKOM+KLEIN\",\"description\":\"\",\"publisher\":{\"@id\":\"https:\/\/derkom.de\/fr\/#organization\"},\"potentialAction\":[{\"@type\":\"SearchAction\",\"target\":{\"@type\":\"EntryPoint\",\"urlTemplate\":\"https:\/\/derkom.de\/fr\/?s={search_term_string}\"},\"query-input\":{\"@type\":\"PropertyValueSpecification\",\"valueRequired\":true,\"valueName\":\"search_term_string\"}}],\"inLanguage\":\"fr-FR\"},{\"@type\":\"Organization\",\"@id\":\"https:\/\/derkom.de\/fr\/#organization\",\"name\":\"DERKOM+KLEIN\",\"url\":\"https:\/\/derkom.de\/fr\/\",\"logo\":{\"@type\":\"ImageObject\",\"inLanguage\":\"fr-FR\",\"@id\":\"https:\/\/derkom.de\/fr\/#\/schema\/logo\/image\/\",\"url\":\"https:\/\/derkom.de\/wp-content\/uploads\/2023\/08\/f9cc958684bff2ab93064b368064f459.png\",\"contentUrl\":\"https:\/\/derkom.de\/wp-content\/uploads\/2023\/08\/f9cc958684bff2ab93064b368064f459.png\",\"width\":823,\"height\":111,\"caption\":\"DERKOM+KLEIN\"},\"image\":{\"@id\":\"https:\/\/derkom.de\/fr\/#\/schema\/logo\/image\/\"}}]}<\/script>\n<!-- \/ Yoast SEO plugin. -->","yoast_head_json":{"title":"Outils de cuisine - DERKOM+KLEIN","description":"Avec les meules de notre maison DERKOM+KLEIN, nous aidons nos clients \u00e0 aff\u00fbter et \u00e0 aiguiser leurs multiples lames de couteaux.","robots":{"index":"index","follow":"follow","max-snippet":"max-snippet:-1","max-image-preview":"max-image-preview:large","max-video-preview":"max-video-preview:-1"},"canonical":"https:\/\/derkom.de\/fr\/applications\/outils-de-cuisine\/","og_locale":"fr_FR","og_type":"article","og_title":"Outils de cuisine - DERKOM+KLEIN","og_description":"Avec les meules de notre maison DERKOM+KLEIN, nous aidons nos clients \u00e0 aff\u00fbter et \u00e0 aiguiser leurs multiples lames de couteaux.","og_url":"https:\/\/derkom.de\/fr\/applications\/outils-de-cuisine\/","og_site_name":"DERKOM+KLEIN","article_modified_time":"2026-01-30T11:41:04+00:00","twitter_card":"summary_large_image","twitter_misc":{"Dur\u00e9e de lecture estim\u00e9e":"2 minutes"},"schema":{"@context":"https:\/\/schema.org","@graph":[{"@type":"WebPage","@id":"https:\/\/derkom.de\/fr\/applications\/outils-de-cuisine\/","url":"https:\/\/derkom.de\/fr\/applications\/outils-de-cuisine\/","name":"Outils de cuisine - DERKOM+KLEIN","isPartOf":{"@id":"https:\/\/derkom.de\/fr\/#website"},"datePublished":"2023-08-28T20:24:02+00:00","dateModified":"2026-01-30T11:41:04+00:00","description":"Avec les meules de notre maison DERKOM+KLEIN, nous aidons nos clients \u00e0 aff\u00fbter et \u00e0 aiguiser leurs multiples lames de couteaux.","breadcrumb":{"@id":"https:\/\/derkom.de\/fr\/applications\/outils-de-cuisine\/#breadcrumb"},"inLanguage":"fr-FR","potentialAction":[{"@type":"ReadAction","target":["https:\/\/derkom.de\/fr\/applications\/outils-de-cuisine\/"]}]},{"@type":"BreadcrumbList","@id":"https:\/\/derkom.de\/fr\/applications\/outils-de-cuisine\/#breadcrumb","itemListElement":[{"@type":"ListItem","position":1,"name":"Home","item":"https:\/\/derkom.de\/fr\/"},{"@type":"ListItem","position":2,"name":"Applications","item":"https:\/\/derkom.de\/fr\/applications\/"},{"@type":"ListItem","position":3,"name":"Outils de cuisine"}]},{"@type":"WebSite","@id":"https:\/\/derkom.de\/fr\/#website","url":"https:\/\/derkom.de\/fr\/","name":"DERKOM+KLEIN","description":"","publisher":{"@id":"https:\/\/derkom.de\/fr\/#organization"},"potentialAction":[{"@type":"SearchAction","target":{"@type":"EntryPoint","urlTemplate":"https:\/\/derkom.de\/fr\/?s={search_term_string}"},"query-input":{"@type":"PropertyValueSpecification","valueRequired":true,"valueName":"search_term_string"}}],"inLanguage":"fr-FR"},{"@type":"Organization","@id":"https:\/\/derkom.de\/fr\/#organization","name":"DERKOM+KLEIN","url":"https:\/\/derkom.de\/fr\/","logo":{"@type":"ImageObject","inLanguage":"fr-FR","@id":"https:\/\/derkom.de\/fr\/#\/schema\/logo\/image\/","url":"https:\/\/derkom.de\/wp-content\/uploads\/2023\/08\/f9cc958684bff2ab93064b368064f459.png","contentUrl":"https:\/\/derkom.de\/wp-content\/uploads\/2023\/08\/f9cc958684bff2ab93064b368064f459.png","width":823,"height":111,"caption":"DERKOM+KLEIN"},"image":{"@id":"https:\/\/derkom.de\/fr\/#\/schema\/logo\/image\/"}}]}},"_links":{"self":[{"href":"https:\/\/derkom.de\/fr\/wp-json\/wp\/v2\/pages\/2431","targetHints":{"allow":["GET"]}}],"collection":[{"href":"https:\/\/derkom.de\/fr\/wp-json\/wp\/v2\/pages"}],"about":[{"href":"https:\/\/derkom.de\/fr\/wp-json\/wp\/v2\/types\/page"}],"author":[{"embeddable":true,"href":"https:\/\/derkom.de\/fr\/wp-json\/wp\/v2\/users\/9"}],"replies":[{"embeddable":true,"href":"https:\/\/derkom.de\/fr\/wp-json\/wp\/v2\/comments?post=2431"}],"version-history":[{"count":3,"href":"https:\/\/derkom.de\/fr\/wp-json\/wp\/v2\/pages\/2431\/revisions"}],"predecessor-version":[{"id":3872,"href":"https:\/\/derkom.de\/fr\/wp-json\/wp\/v2\/pages\/2431\/revisions\/3872"}],"up":[{"embeddable":true,"href":"https:\/\/derkom.de\/fr\/wp-json\/wp\/v2\/pages\/2261"}],"wp:attachment":[{"href":"https:\/\/derkom.de\/fr\/wp-json\/wp\/v2\/media?parent=2431"}],"curies":[{"name":"wp","href":"https:\/\/api.w.org\/{rel}","templated":true}]}}