{"id":2413,"date":"2023-08-29T00:29:16","date_gmt":"2023-08-28T22:29:16","guid":{"rendered":"https:\/\/derkom.de\/applications\/agricultural-machinery-knife\/"},"modified":"2026-01-30T13:01:44","modified_gmt":"2026-01-30T12:01:44","slug":"couteaux-pour-machines-agricoles","status":"publish","type":"page","link":"https:\/\/derkom.de\/fr\/applications\/couteaux-pour-machines-agricoles\/","title":{"rendered":"Couteaux pour machines agricoles"},"content":{"rendered":"","protected":false},"excerpt":{"rendered":"","protected":false},"author":9,"featured_media":0,"parent":2261,"menu_order":6,"comment_status":"closed","ping_status":"closed","template":"","meta":{"_acf_changed":false,"footnotes":""},"class_list":["post-2413","page","type-page","status-publish","hentry"],"acf":[],"yoast_head":"<!-- This site is optimized with the Yoast SEO plugin v27.1.1 - https:\/\/yoast.com\/product\/yoast-seo-wordpress\/ -->\n<title>Couteaux pour machines agricoles - DERKOM+KLEIN<\/title>\n<meta name=\"description\" content=\"La fabrication de ces couteaux r\u00e9sistants \u00e0 l&#039;usure est tr\u00e8s complexe et n\u00e9cessite des outils d&#039;aff\u00fbtage sp\u00e9ciaux. Avec DERKOM+KLEIN, vous avez un partenaire comp\u00e9tent.\" \/>\n<meta name=\"robots\" content=\"index, follow, max-snippet:-1, max-image-preview:large, max-video-preview:-1\" \/>\n<link rel=\"canonical\" href=\"https:\/\/derkom.de\/fr\/applications\/couteaux-pour-machines-agricoles\/\" \/>\n<meta property=\"og:locale\" content=\"fr_FR\" \/>\n<meta property=\"og:type\" content=\"article\" \/>\n<meta property=\"og:title\" content=\"Couteaux pour machines agricoles - DERKOM+KLEIN\" \/>\n<meta property=\"og:description\" content=\"La fabrication de ces couteaux r\u00e9sistants \u00e0 l&#039;usure est tr\u00e8s complexe et n\u00e9cessite des outils d&#039;aff\u00fbtage sp\u00e9ciaux. Avec DERKOM+KLEIN, vous avez un partenaire comp\u00e9tent.\" \/>\n<meta property=\"og:url\" content=\"https:\/\/derkom.de\/fr\/applications\/couteaux-pour-machines-agricoles\/\" \/>\n<meta property=\"og:site_name\" content=\"DERKOM+KLEIN\" \/>\n<meta property=\"article:modified_time\" content=\"2026-01-30T12:01:44+00:00\" \/>\n<meta name=\"twitter:card\" content=\"summary_large_image\" \/>\n<meta name=\"twitter:label1\" content=\"Dur\u00e9e de lecture estim\u00e9e\" \/>\n\t<meta name=\"twitter:data1\" content=\"1 minute\" \/>\n<script type=\"application\/ld+json\" class=\"yoast-schema-graph\">{\"@context\":\"https:\/\/schema.org\",\"@graph\":[{\"@type\":\"WebPage\",\"@id\":\"https:\/\/derkom.de\/fr\/applications\/couteaux-pour-machines-agricoles\/\",\"url\":\"https:\/\/derkom.de\/fr\/applications\/couteaux-pour-machines-agricoles\/\",\"name\":\"Couteaux pour machines agricoles - DERKOM+KLEIN\",\"isPartOf\":{\"@id\":\"https:\/\/derkom.de\/fr\/#website\"},\"datePublished\":\"2023-08-28T22:29:16+00:00\",\"dateModified\":\"2026-01-30T12:01:44+00:00\",\"description\":\"La fabrication de ces couteaux r\u00e9sistants \u00e0 l'usure est tr\u00e8s complexe et n\u00e9cessite des outils d'aff\u00fbtage sp\u00e9ciaux. Avec DERKOM+KLEIN, vous avez un partenaire comp\u00e9tent.\",\"breadcrumb\":{\"@id\":\"https:\/\/derkom.de\/fr\/applications\/couteaux-pour-machines-agricoles\/#breadcrumb\"},\"inLanguage\":\"fr-FR\",\"potentialAction\":[{\"@type\":\"ReadAction\",\"target\":[\"https:\/\/derkom.de\/fr\/applications\/couteaux-pour-machines-agricoles\/\"]}]},{\"@type\":\"BreadcrumbList\",\"@id\":\"https:\/\/derkom.de\/fr\/applications\/couteaux-pour-machines-agricoles\/#breadcrumb\",\"itemListElement\":[{\"@type\":\"ListItem\",\"position\":1,\"name\":\"Home\",\"item\":\"https:\/\/derkom.de\/fr\/\"},{\"@type\":\"ListItem\",\"position\":2,\"name\":\"Applications\",\"item\":\"https:\/\/derkom.de\/fr\/applications\/\"},{\"@type\":\"ListItem\",\"position\":3,\"name\":\"Couteaux pour machines agricoles\"}]},{\"@type\":\"WebSite\",\"@id\":\"https:\/\/derkom.de\/fr\/#website\",\"url\":\"https:\/\/derkom.de\/fr\/\",\"name\":\"DERKOM+KLEIN\",\"description\":\"\",\"publisher\":{\"@id\":\"https:\/\/derkom.de\/fr\/#organization\"},\"potentialAction\":[{\"@type\":\"SearchAction\",\"target\":{\"@type\":\"EntryPoint\",\"urlTemplate\":\"https:\/\/derkom.de\/fr\/?s={search_term_string}\"},\"query-input\":{\"@type\":\"PropertyValueSpecification\",\"valueRequired\":true,\"valueName\":\"search_term_string\"}}],\"inLanguage\":\"fr-FR\"},{\"@type\":\"Organization\",\"@id\":\"https:\/\/derkom.de\/fr\/#organization\",\"name\":\"DERKOM+KLEIN\",\"url\":\"https:\/\/derkom.de\/fr\/\",\"logo\":{\"@type\":\"ImageObject\",\"inLanguage\":\"fr-FR\",\"@id\":\"https:\/\/derkom.de\/fr\/#\/schema\/logo\/image\/\",\"url\":\"https:\/\/derkom.de\/wp-content\/uploads\/2023\/08\/f9cc958684bff2ab93064b368064f459.png\",\"contentUrl\":\"https:\/\/derkom.de\/wp-content\/uploads\/2023\/08\/f9cc958684bff2ab93064b368064f459.png\",\"width\":823,\"height\":111,\"caption\":\"DERKOM+KLEIN\"},\"image\":{\"@id\":\"https:\/\/derkom.de\/fr\/#\/schema\/logo\/image\/\"}}]}<\/script>\n<!-- \/ Yoast SEO plugin. -->","yoast_head_json":{"title":"Couteaux pour machines agricoles - DERKOM+KLEIN","description":"La fabrication de ces couteaux r\u00e9sistants \u00e0 l'usure est tr\u00e8s complexe et n\u00e9cessite des outils d'aff\u00fbtage sp\u00e9ciaux. Avec DERKOM+KLEIN, vous avez un partenaire comp\u00e9tent.","robots":{"index":"index","follow":"follow","max-snippet":"max-snippet:-1","max-image-preview":"max-image-preview:large","max-video-preview":"max-video-preview:-1"},"canonical":"https:\/\/derkom.de\/fr\/applications\/couteaux-pour-machines-agricoles\/","og_locale":"fr_FR","og_type":"article","og_title":"Couteaux pour machines agricoles - DERKOM+KLEIN","og_description":"La fabrication de ces couteaux r\u00e9sistants \u00e0 l'usure est tr\u00e8s complexe et n\u00e9cessite des outils d'aff\u00fbtage sp\u00e9ciaux. Avec DERKOM+KLEIN, vous avez un partenaire comp\u00e9tent.","og_url":"https:\/\/derkom.de\/fr\/applications\/couteaux-pour-machines-agricoles\/","og_site_name":"DERKOM+KLEIN","article_modified_time":"2026-01-30T12:01:44+00:00","twitter_card":"summary_large_image","twitter_misc":{"Dur\u00e9e de lecture estim\u00e9e":"1 minute"},"schema":{"@context":"https:\/\/schema.org","@graph":[{"@type":"WebPage","@id":"https:\/\/derkom.de\/fr\/applications\/couteaux-pour-machines-agricoles\/","url":"https:\/\/derkom.de\/fr\/applications\/couteaux-pour-machines-agricoles\/","name":"Couteaux pour machines agricoles - DERKOM+KLEIN","isPartOf":{"@id":"https:\/\/derkom.de\/fr\/#website"},"datePublished":"2023-08-28T22:29:16+00:00","dateModified":"2026-01-30T12:01:44+00:00","description":"La fabrication de ces couteaux r\u00e9sistants \u00e0 l'usure est tr\u00e8s complexe et n\u00e9cessite des outils d'aff\u00fbtage sp\u00e9ciaux. Avec DERKOM+KLEIN, vous avez un partenaire comp\u00e9tent.","breadcrumb":{"@id":"https:\/\/derkom.de\/fr\/applications\/couteaux-pour-machines-agricoles\/#breadcrumb"},"inLanguage":"fr-FR","potentialAction":[{"@type":"ReadAction","target":["https:\/\/derkom.de\/fr\/applications\/couteaux-pour-machines-agricoles\/"]}]},{"@type":"BreadcrumbList","@id":"https:\/\/derkom.de\/fr\/applications\/couteaux-pour-machines-agricoles\/#breadcrumb","itemListElement":[{"@type":"ListItem","position":1,"name":"Home","item":"https:\/\/derkom.de\/fr\/"},{"@type":"ListItem","position":2,"name":"Applications","item":"https:\/\/derkom.de\/fr\/applications\/"},{"@type":"ListItem","position":3,"name":"Couteaux pour machines agricoles"}]},{"@type":"WebSite","@id":"https:\/\/derkom.de\/fr\/#website","url":"https:\/\/derkom.de\/fr\/","name":"DERKOM+KLEIN","description":"","publisher":{"@id":"https:\/\/derkom.de\/fr\/#organization"},"potentialAction":[{"@type":"SearchAction","target":{"@type":"EntryPoint","urlTemplate":"https:\/\/derkom.de\/fr\/?s={search_term_string}"},"query-input":{"@type":"PropertyValueSpecification","valueRequired":true,"valueName":"search_term_string"}}],"inLanguage":"fr-FR"},{"@type":"Organization","@id":"https:\/\/derkom.de\/fr\/#organization","name":"DERKOM+KLEIN","url":"https:\/\/derkom.de\/fr\/","logo":{"@type":"ImageObject","inLanguage":"fr-FR","@id":"https:\/\/derkom.de\/fr\/#\/schema\/logo\/image\/","url":"https:\/\/derkom.de\/wp-content\/uploads\/2023\/08\/f9cc958684bff2ab93064b368064f459.png","contentUrl":"https:\/\/derkom.de\/wp-content\/uploads\/2023\/08\/f9cc958684bff2ab93064b368064f459.png","width":823,"height":111,"caption":"DERKOM+KLEIN"},"image":{"@id":"https:\/\/derkom.de\/fr\/#\/schema\/logo\/image\/"}}]}},"_links":{"self":[{"href":"https:\/\/derkom.de\/fr\/wp-json\/wp\/v2\/pages\/2413","targetHints":{"allow":["GET"]}}],"collection":[{"href":"https:\/\/derkom.de\/fr\/wp-json\/wp\/v2\/pages"}],"about":[{"href":"https:\/\/derkom.de\/fr\/wp-json\/wp\/v2\/types\/page"}],"author":[{"embeddable":true,"href":"https:\/\/derkom.de\/fr\/wp-json\/wp\/v2\/users\/9"}],"replies":[{"embeddable":true,"href":"https:\/\/derkom.de\/fr\/wp-json\/wp\/v2\/comments?post=2413"}],"version-history":[{"count":3,"href":"https:\/\/derkom.de\/fr\/wp-json\/wp\/v2\/pages\/2413\/revisions"}],"predecessor-version":[{"id":3892,"href":"https:\/\/derkom.de\/fr\/wp-json\/wp\/v2\/pages\/2413\/revisions\/3892"}],"up":[{"embeddable":true,"href":"https:\/\/derkom.de\/fr\/wp-json\/wp\/v2\/pages\/2261"}],"wp:attachment":[{"href":"https:\/\/derkom.de\/fr\/wp-json\/wp\/v2\/media?parent=2413"}],"curies":[{"name":"wp","href":"https:\/\/api.w.org\/{rel}","templated":true}]}}