{"id":2261,"date":"2023-08-09T12:11:01","date_gmt":"2023-08-09T10:11:01","guid":{"rendered":"https:\/\/derkom.de\/applications\/"},"modified":"2024-11-25T16:09:11","modified_gmt":"2024-11-25T15:09:11","slug":"applications","status":"publish","type":"page","link":"https:\/\/derkom.de\/fr\/applications\/","title":{"rendered":"Applications"},"content":{"rendered":"","protected":false},"excerpt":{"rendered":"","protected":false},"author":5,"featured_media":0,"parent":0,"menu_order":2,"comment_status":"closed","ping_status":"closed","template":"","meta":{"_acf_changed":false,"footnotes":""},"class_list":["post-2261","page","type-page","status-publish","hentry"],"acf":[],"yoast_head":"<!-- This site is optimized with the Yoast SEO plugin v27.1.1 - https:\/\/yoast.com\/product\/yoast-seo-wordpress\/ -->\n<title>Applications - DERKOM+KLEIN<\/title>\n<meta name=\"description\" content=\"Les produits abrasifs de DERKOM+KLEIN permettent de traiter une large gamme de produits tr\u00e8s diff\u00e9rents. Que ce soit pour le pr\u00e9-pon\u00e7age ou le pon\u00e7age de finition, nous d\u00e9veloppons pour chaque client des meules adapt\u00e9es individuellement \u00e0 sa pi\u00e8ce.\" \/>\n<meta name=\"robots\" content=\"index, follow, max-snippet:-1, max-image-preview:large, max-video-preview:-1\" \/>\n<link rel=\"canonical\" href=\"https:\/\/derkom.de\/fr\/applications\/\" \/>\n<meta property=\"og:locale\" content=\"fr_FR\" \/>\n<meta property=\"og:type\" content=\"article\" \/>\n<meta property=\"og:title\" content=\"Applications - DERKOM+KLEIN\" \/>\n<meta property=\"og:description\" content=\"Les produits abrasifs de DERKOM+KLEIN permettent de traiter une large gamme de produits tr\u00e8s diff\u00e9rents. Que ce soit pour le pr\u00e9-pon\u00e7age ou le pon\u00e7age de finition, nous d\u00e9veloppons pour chaque client des meules adapt\u00e9es individuellement \u00e0 sa pi\u00e8ce.\" \/>\n<meta property=\"og:url\" content=\"https:\/\/derkom.de\/fr\/applications\/\" \/>\n<meta property=\"og:site_name\" content=\"DERKOM+KLEIN\" \/>\n<meta property=\"article:modified_time\" content=\"2024-11-25T15:09:11+00:00\" \/>\n<meta name=\"twitter:card\" content=\"summary_large_image\" \/>\n<meta name=\"twitter:label1\" content=\"Dur\u00e9e de lecture estim\u00e9e\" \/>\n\t<meta name=\"twitter:data1\" content=\"1 minute\" \/>\n<script type=\"application\/ld+json\" class=\"yoast-schema-graph\">{\"@context\":\"https:\/\/schema.org\",\"@graph\":[{\"@type\":\"WebPage\",\"@id\":\"https:\/\/derkom.de\/fr\/applications\/\",\"url\":\"https:\/\/derkom.de\/fr\/applications\/\",\"name\":\"Applications - DERKOM+KLEIN\",\"isPartOf\":{\"@id\":\"https:\/\/derkom.de\/fr\/#website\"},\"datePublished\":\"2023-08-09T10:11:01+00:00\",\"dateModified\":\"2024-11-25T15:09:11+00:00\",\"description\":\"Les produits abrasifs de DERKOM+KLEIN permettent de traiter une large gamme de produits tr\u00e8s diff\u00e9rents. Que ce soit pour le pr\u00e9-pon\u00e7age ou le pon\u00e7age de finition, nous d\u00e9veloppons pour chaque client des meules adapt\u00e9es individuellement \u00e0 sa pi\u00e8ce.\",\"breadcrumb\":{\"@id\":\"https:\/\/derkom.de\/fr\/applications\/#breadcrumb\"},\"inLanguage\":\"fr-FR\",\"potentialAction\":[{\"@type\":\"ReadAction\",\"target\":[\"https:\/\/derkom.de\/fr\/applications\/\"]}]},{\"@type\":\"BreadcrumbList\",\"@id\":\"https:\/\/derkom.de\/fr\/applications\/#breadcrumb\",\"itemListElement\":[{\"@type\":\"ListItem\",\"position\":1,\"name\":\"Home\",\"item\":\"https:\/\/derkom.de\/fr\/\"},{\"@type\":\"ListItem\",\"position\":2,\"name\":\"Applications\"}]},{\"@type\":\"WebSite\",\"@id\":\"https:\/\/derkom.de\/fr\/#website\",\"url\":\"https:\/\/derkom.de\/fr\/\",\"name\":\"DERKOM+KLEIN\",\"description\":\"\",\"publisher\":{\"@id\":\"https:\/\/derkom.de\/fr\/#organization\"},\"potentialAction\":[{\"@type\":\"SearchAction\",\"target\":{\"@type\":\"EntryPoint\",\"urlTemplate\":\"https:\/\/derkom.de\/fr\/?s={search_term_string}\"},\"query-input\":{\"@type\":\"PropertyValueSpecification\",\"valueRequired\":true,\"valueName\":\"search_term_string\"}}],\"inLanguage\":\"fr-FR\"},{\"@type\":\"Organization\",\"@id\":\"https:\/\/derkom.de\/fr\/#organization\",\"name\":\"DERKOM+KLEIN\",\"url\":\"https:\/\/derkom.de\/fr\/\",\"logo\":{\"@type\":\"ImageObject\",\"inLanguage\":\"fr-FR\",\"@id\":\"https:\/\/derkom.de\/fr\/#\/schema\/logo\/image\/\",\"url\":\"https:\/\/derkom.de\/wp-content\/uploads\/2023\/08\/f9cc958684bff2ab93064b368064f459.png\",\"contentUrl\":\"https:\/\/derkom.de\/wp-content\/uploads\/2023\/08\/f9cc958684bff2ab93064b368064f459.png\",\"width\":823,\"height\":111,\"caption\":\"DERKOM+KLEIN\"},\"image\":{\"@id\":\"https:\/\/derkom.de\/fr\/#\/schema\/logo\/image\/\"}}]}<\/script>\n<!-- \/ Yoast SEO plugin. -->","yoast_head_json":{"title":"Applications - DERKOM+KLEIN","description":"Les produits abrasifs de DERKOM+KLEIN permettent de traiter une large gamme de produits tr\u00e8s diff\u00e9rents. Que ce soit pour le pr\u00e9-pon\u00e7age ou le pon\u00e7age de finition, nous d\u00e9veloppons pour chaque client des meules adapt\u00e9es individuellement \u00e0 sa pi\u00e8ce.","robots":{"index":"index","follow":"follow","max-snippet":"max-snippet:-1","max-image-preview":"max-image-preview:large","max-video-preview":"max-video-preview:-1"},"canonical":"https:\/\/derkom.de\/fr\/applications\/","og_locale":"fr_FR","og_type":"article","og_title":"Applications - DERKOM+KLEIN","og_description":"Les produits abrasifs de DERKOM+KLEIN permettent de traiter une large gamme de produits tr\u00e8s diff\u00e9rents. Que ce soit pour le pr\u00e9-pon\u00e7age ou le pon\u00e7age de finition, nous d\u00e9veloppons pour chaque client des meules adapt\u00e9es individuellement \u00e0 sa pi\u00e8ce.","og_url":"https:\/\/derkom.de\/fr\/applications\/","og_site_name":"DERKOM+KLEIN","article_modified_time":"2024-11-25T15:09:11+00:00","twitter_card":"summary_large_image","twitter_misc":{"Dur\u00e9e de lecture estim\u00e9e":"1 minute"},"schema":{"@context":"https:\/\/schema.org","@graph":[{"@type":"WebPage","@id":"https:\/\/derkom.de\/fr\/applications\/","url":"https:\/\/derkom.de\/fr\/applications\/","name":"Applications - DERKOM+KLEIN","isPartOf":{"@id":"https:\/\/derkom.de\/fr\/#website"},"datePublished":"2023-08-09T10:11:01+00:00","dateModified":"2024-11-25T15:09:11+00:00","description":"Les produits abrasifs de DERKOM+KLEIN permettent de traiter une large gamme de produits tr\u00e8s diff\u00e9rents. Que ce soit pour le pr\u00e9-pon\u00e7age ou le pon\u00e7age de finition, nous d\u00e9veloppons pour chaque client des meules adapt\u00e9es individuellement \u00e0 sa pi\u00e8ce.","breadcrumb":{"@id":"https:\/\/derkom.de\/fr\/applications\/#breadcrumb"},"inLanguage":"fr-FR","potentialAction":[{"@type":"ReadAction","target":["https:\/\/derkom.de\/fr\/applications\/"]}]},{"@type":"BreadcrumbList","@id":"https:\/\/derkom.de\/fr\/applications\/#breadcrumb","itemListElement":[{"@type":"ListItem","position":1,"name":"Home","item":"https:\/\/derkom.de\/fr\/"},{"@type":"ListItem","position":2,"name":"Applications"}]},{"@type":"WebSite","@id":"https:\/\/derkom.de\/fr\/#website","url":"https:\/\/derkom.de\/fr\/","name":"DERKOM+KLEIN","description":"","publisher":{"@id":"https:\/\/derkom.de\/fr\/#organization"},"potentialAction":[{"@type":"SearchAction","target":{"@type":"EntryPoint","urlTemplate":"https:\/\/derkom.de\/fr\/?s={search_term_string}"},"query-input":{"@type":"PropertyValueSpecification","valueRequired":true,"valueName":"search_term_string"}}],"inLanguage":"fr-FR"},{"@type":"Organization","@id":"https:\/\/derkom.de\/fr\/#organization","name":"DERKOM+KLEIN","url":"https:\/\/derkom.de\/fr\/","logo":{"@type":"ImageObject","inLanguage":"fr-FR","@id":"https:\/\/derkom.de\/fr\/#\/schema\/logo\/image\/","url":"https:\/\/derkom.de\/wp-content\/uploads\/2023\/08\/f9cc958684bff2ab93064b368064f459.png","contentUrl":"https:\/\/derkom.de\/wp-content\/uploads\/2023\/08\/f9cc958684bff2ab93064b368064f459.png","width":823,"height":111,"caption":"DERKOM+KLEIN"},"image":{"@id":"https:\/\/derkom.de\/fr\/#\/schema\/logo\/image\/"}}]}},"_links":{"self":[{"href":"https:\/\/derkom.de\/fr\/wp-json\/wp\/v2\/pages\/2261","targetHints":{"allow":["GET"]}}],"collection":[{"href":"https:\/\/derkom.de\/fr\/wp-json\/wp\/v2\/pages"}],"about":[{"href":"https:\/\/derkom.de\/fr\/wp-json\/wp\/v2\/types\/page"}],"author":[{"embeddable":true,"href":"https:\/\/derkom.de\/fr\/wp-json\/wp\/v2\/users\/5"}],"replies":[{"embeddable":true,"href":"https:\/\/derkom.de\/fr\/wp-json\/wp\/v2\/comments?post=2261"}],"version-history":[{"count":10,"href":"https:\/\/derkom.de\/fr\/wp-json\/wp\/v2\/pages\/2261\/revisions"}],"predecessor-version":[{"id":3806,"href":"https:\/\/derkom.de\/fr\/wp-json\/wp\/v2\/pages\/2261\/revisions\/3806"}],"wp:attachment":[{"href":"https:\/\/derkom.de\/fr\/wp-json\/wp\/v2\/media?parent=2261"}],"curies":[{"name":"wp","href":"https:\/\/api.w.org\/{rel}","templated":true}]}}