{"id":2228,"date":"2023-08-28T15:52:59","date_gmt":"2023-08-28T13:52:59","guid":{"rendered":"https:\/\/derkom.de\/product\/magnesite-bonded-grinding-wheels\/"},"modified":"2026-01-30T12:20:28","modified_gmt":"2026-01-30T11:20:28","slug":"discos-abrasivos-con-aglomerante-de-magnesita","status":"publish","type":"product","link":"https:\/\/derkom.de\/es\/product\/discos-abrasivos-con-aglomerante-de-magnesita\/","title":{"rendered":"Discos abrasivos con aglomerante de magnesita"},"content":{"rendered":"","protected":false},"excerpt":{"rendered":"","protected":false},"author":9,"featured_media":3832,"menu_order":4,"template":"","format":"standard","meta":{"_acf_changed":false,"footnotes":""},"class_list":["post-2228","product","type-product","status-publish","format-standard","has-post-thumbnail","hentry"],"acf":[],"yoast_head":"<!-- This site is optimized with the Yoast SEO plugin v27.1.1 - https:\/\/yoast.com\/product\/yoast-seo-wordpress\/ -->\n<title>Discos abrasivos con aglomerante de magnesita - Derkom+Klein<\/title>\n<meta name=\"description\" content=\"Una caracter\u00edstica especial de estos discos es su desbaste fr\u00edo y su superficie mate en comparaci\u00f3n con los discos de desbaste con aglomerante de resina.\" \/>\n<meta name=\"robots\" content=\"index, follow, max-snippet:-1, max-image-preview:large, max-video-preview:-1\" \/>\n<link rel=\"canonical\" href=\"https:\/\/derkom.de\/es\/product\/discos-abrasivos-con-aglomerante-de-magnesita\/\" \/>\n<meta property=\"og:locale\" content=\"es_ES\" \/>\n<meta property=\"og:type\" content=\"article\" \/>\n<meta property=\"og:title\" content=\"Discos abrasivos con aglomerante de magnesita - Derkom+Klein\" \/>\n<meta property=\"og:description\" content=\"Una caracter\u00edstica especial de estos discos es su desbaste fr\u00edo y su superficie mate en comparaci\u00f3n con los discos de desbaste con aglomerante de resina.\" \/>\n<meta property=\"og:url\" content=\"https:\/\/derkom.de\/es\/product\/discos-abrasivos-con-aglomerante-de-magnesita\/\" \/>\n<meta property=\"og:site_name\" content=\"DERKOM+KLEIN\" \/>\n<meta property=\"article:modified_time\" content=\"2026-01-30T11:20:28+00:00\" \/>\n<meta property=\"og:image\" content=\"https:\/\/derkom.de\/wp-content\/uploads\/2026\/01\/DERKOM-KLEIN-6.08.2023-2-KI_001.jpg\" \/>\n\t<meta property=\"og:image:width\" content=\"737\" \/>\n\t<meta property=\"og:image:height\" content=\"737\" \/>\n\t<meta property=\"og:image:type\" content=\"image\/jpeg\" \/>\n<meta name=\"twitter:card\" content=\"summary_large_image\" \/>\n<meta name=\"twitter:label1\" content=\"Tiempo de lectura\" \/>\n\t<meta name=\"twitter:data1\" content=\"2 minutos\" \/>\n<script type=\"application\/ld+json\" class=\"yoast-schema-graph\">{\"@context\":\"https:\/\/schema.org\",\"@graph\":[{\"@type\":\"WebPage\",\"@id\":\"https:\/\/derkom.de\/es\/product\/discos-abrasivos-con-aglomerante-de-magnesita\/\",\"url\":\"https:\/\/derkom.de\/es\/product\/discos-abrasivos-con-aglomerante-de-magnesita\/\",\"name\":\"Discos abrasivos con aglomerante de magnesita - Derkom+Klein\",\"isPartOf\":{\"@id\":\"https:\/\/derkom.de\/es\/#website\"},\"primaryImageOfPage\":{\"@id\":\"https:\/\/derkom.de\/es\/product\/discos-abrasivos-con-aglomerante-de-magnesita\/#primaryimage\"},\"image\":{\"@id\":\"https:\/\/derkom.de\/es\/product\/discos-abrasivos-con-aglomerante-de-magnesita\/#primaryimage\"},\"thumbnailUrl\":\"https:\/\/derkom.de\/wp-content\/uploads\/2026\/01\/DERKOM-KLEIN-6.08.2023-2-KI_001.jpg\",\"datePublished\":\"2023-08-28T13:52:59+00:00\",\"dateModified\":\"2026-01-30T11:20:28+00:00\",\"description\":\"Una caracter\u00edstica especial de estos discos es su desbaste fr\u00edo y su superficie mate en comparaci\u00f3n con los discos de desbaste con aglomerante de resina.\",\"breadcrumb\":{\"@id\":\"https:\/\/derkom.de\/es\/product\/discos-abrasivos-con-aglomerante-de-magnesita\/#breadcrumb\"},\"inLanguage\":\"es\",\"potentialAction\":[{\"@type\":\"ReadAction\",\"target\":[\"https:\/\/derkom.de\/es\/product\/discos-abrasivos-con-aglomerante-de-magnesita\/\"]}]},{\"@type\":\"ImageObject\",\"inLanguage\":\"es\",\"@id\":\"https:\/\/derkom.de\/es\/product\/discos-abrasivos-con-aglomerante-de-magnesita\/#primaryimage\",\"url\":\"https:\/\/derkom.de\/wp-content\/uploads\/2026\/01\/DERKOM-KLEIN-6.08.2023-2-KI_001.jpg\",\"contentUrl\":\"https:\/\/derkom.de\/wp-content\/uploads\/2026\/01\/DERKOM-KLEIN-6.08.2023-2-KI_001.jpg\",\"width\":737,\"height\":737},{\"@type\":\"BreadcrumbList\",\"@id\":\"https:\/\/derkom.de\/es\/product\/discos-abrasivos-con-aglomerante-de-magnesita\/#breadcrumb\",\"itemListElement\":[{\"@type\":\"ListItem\",\"position\":1,\"name\":\"Home\",\"item\":\"https:\/\/derkom.de\/es\/\"},{\"@type\":\"ListItem\",\"position\":2,\"name\":\"Discos abrasivos con aglomerante de magnesita\"}]},{\"@type\":\"WebSite\",\"@id\":\"https:\/\/derkom.de\/es\/#website\",\"url\":\"https:\/\/derkom.de\/es\/\",\"name\":\"DERKOM+KLEIN\",\"description\":\"\",\"publisher\":{\"@id\":\"https:\/\/derkom.de\/es\/#organization\"},\"potentialAction\":[{\"@type\":\"SearchAction\",\"target\":{\"@type\":\"EntryPoint\",\"urlTemplate\":\"https:\/\/derkom.de\/es\/?s={search_term_string}\"},\"query-input\":{\"@type\":\"PropertyValueSpecification\",\"valueRequired\":true,\"valueName\":\"search_term_string\"}}],\"inLanguage\":\"es\"},{\"@type\":\"Organization\",\"@id\":\"https:\/\/derkom.de\/es\/#organization\",\"name\":\"DERKOM+KLEIN\",\"url\":\"https:\/\/derkom.de\/es\/\",\"logo\":{\"@type\":\"ImageObject\",\"inLanguage\":\"es\",\"@id\":\"https:\/\/derkom.de\/es\/#\/schema\/logo\/image\/\",\"url\":\"https:\/\/derkom.de\/wp-content\/uploads\/2023\/08\/f9cc958684bff2ab93064b368064f459.png\",\"contentUrl\":\"https:\/\/derkom.de\/wp-content\/uploads\/2023\/08\/f9cc958684bff2ab93064b368064f459.png\",\"width\":823,\"height\":111,\"caption\":\"DERKOM+KLEIN\"},\"image\":{\"@id\":\"https:\/\/derkom.de\/es\/#\/schema\/logo\/image\/\"}}]}<\/script>\n<!-- \/ Yoast SEO plugin. -->","yoast_head_json":{"title":"Discos abrasivos con aglomerante de magnesita - Derkom+Klein","description":"Una caracter\u00edstica especial de estos discos es su desbaste fr\u00edo y su superficie mate en comparaci\u00f3n con los discos de desbaste con aglomerante de resina.","robots":{"index":"index","follow":"follow","max-snippet":"max-snippet:-1","max-image-preview":"max-image-preview:large","max-video-preview":"max-video-preview:-1"},"canonical":"https:\/\/derkom.de\/es\/product\/discos-abrasivos-con-aglomerante-de-magnesita\/","og_locale":"es_ES","og_type":"article","og_title":"Discos abrasivos con aglomerante de magnesita - Derkom+Klein","og_description":"Una caracter\u00edstica especial de estos discos es su desbaste fr\u00edo y su superficie mate en comparaci\u00f3n con los discos de desbaste con aglomerante de resina.","og_url":"https:\/\/derkom.de\/es\/product\/discos-abrasivos-con-aglomerante-de-magnesita\/","og_site_name":"DERKOM+KLEIN","article_modified_time":"2026-01-30T11:20:28+00:00","og_image":[{"width":737,"height":737,"url":"https:\/\/derkom.de\/wp-content\/uploads\/2026\/01\/DERKOM-KLEIN-6.08.2023-2-KI_001.jpg","type":"image\/jpeg"}],"twitter_card":"summary_large_image","twitter_misc":{"Tiempo de lectura":"2 minutos"},"schema":{"@context":"https:\/\/schema.org","@graph":[{"@type":"WebPage","@id":"https:\/\/derkom.de\/es\/product\/discos-abrasivos-con-aglomerante-de-magnesita\/","url":"https:\/\/derkom.de\/es\/product\/discos-abrasivos-con-aglomerante-de-magnesita\/","name":"Discos abrasivos con aglomerante de magnesita - Derkom+Klein","isPartOf":{"@id":"https:\/\/derkom.de\/es\/#website"},"primaryImageOfPage":{"@id":"https:\/\/derkom.de\/es\/product\/discos-abrasivos-con-aglomerante-de-magnesita\/#primaryimage"},"image":{"@id":"https:\/\/derkom.de\/es\/product\/discos-abrasivos-con-aglomerante-de-magnesita\/#primaryimage"},"thumbnailUrl":"https:\/\/derkom.de\/wp-content\/uploads\/2026\/01\/DERKOM-KLEIN-6.08.2023-2-KI_001.jpg","datePublished":"2023-08-28T13:52:59+00:00","dateModified":"2026-01-30T11:20:28+00:00","description":"Una caracter\u00edstica especial de estos discos es su desbaste fr\u00edo y su superficie mate en comparaci\u00f3n con los discos de desbaste con aglomerante de resina.","breadcrumb":{"@id":"https:\/\/derkom.de\/es\/product\/discos-abrasivos-con-aglomerante-de-magnesita\/#breadcrumb"},"inLanguage":"es","potentialAction":[{"@type":"ReadAction","target":["https:\/\/derkom.de\/es\/product\/discos-abrasivos-con-aglomerante-de-magnesita\/"]}]},{"@type":"ImageObject","inLanguage":"es","@id":"https:\/\/derkom.de\/es\/product\/discos-abrasivos-con-aglomerante-de-magnesita\/#primaryimage","url":"https:\/\/derkom.de\/wp-content\/uploads\/2026\/01\/DERKOM-KLEIN-6.08.2023-2-KI_001.jpg","contentUrl":"https:\/\/derkom.de\/wp-content\/uploads\/2026\/01\/DERKOM-KLEIN-6.08.2023-2-KI_001.jpg","width":737,"height":737},{"@type":"BreadcrumbList","@id":"https:\/\/derkom.de\/es\/product\/discos-abrasivos-con-aglomerante-de-magnesita\/#breadcrumb","itemListElement":[{"@type":"ListItem","position":1,"name":"Home","item":"https:\/\/derkom.de\/es\/"},{"@type":"ListItem","position":2,"name":"Discos abrasivos con aglomerante de magnesita"}]},{"@type":"WebSite","@id":"https:\/\/derkom.de\/es\/#website","url":"https:\/\/derkom.de\/es\/","name":"DERKOM+KLEIN","description":"","publisher":{"@id":"https:\/\/derkom.de\/es\/#organization"},"potentialAction":[{"@type":"SearchAction","target":{"@type":"EntryPoint","urlTemplate":"https:\/\/derkom.de\/es\/?s={search_term_string}"},"query-input":{"@type":"PropertyValueSpecification","valueRequired":true,"valueName":"search_term_string"}}],"inLanguage":"es"},{"@type":"Organization","@id":"https:\/\/derkom.de\/es\/#organization","name":"DERKOM+KLEIN","url":"https:\/\/derkom.de\/es\/","logo":{"@type":"ImageObject","inLanguage":"es","@id":"https:\/\/derkom.de\/es\/#\/schema\/logo\/image\/","url":"https:\/\/derkom.de\/wp-content\/uploads\/2023\/08\/f9cc958684bff2ab93064b368064f459.png","contentUrl":"https:\/\/derkom.de\/wp-content\/uploads\/2023\/08\/f9cc958684bff2ab93064b368064f459.png","width":823,"height":111,"caption":"DERKOM+KLEIN"},"image":{"@id":"https:\/\/derkom.de\/es\/#\/schema\/logo\/image\/"}}]}},"_links":{"self":[{"href":"https:\/\/derkom.de\/es\/wp-json\/wp\/v2\/product\/2228","targetHints":{"allow":["GET"]}}],"collection":[{"href":"https:\/\/derkom.de\/es\/wp-json\/wp\/v2\/product"}],"about":[{"href":"https:\/\/derkom.de\/es\/wp-json\/wp\/v2\/types\/product"}],"author":[{"embeddable":true,"href":"https:\/\/derkom.de\/es\/wp-json\/wp\/v2\/users\/9"}],"version-history":[{"count":2,"href":"https:\/\/derkom.de\/es\/wp-json\/wp\/v2\/product\/2228\/revisions"}],"predecessor-version":[{"id":3849,"href":"https:\/\/derkom.de\/es\/wp-json\/wp\/v2\/product\/2228\/revisions\/3849"}],"wp:featuredmedia":[{"embeddable":true,"href":"https:\/\/derkom.de\/es\/wp-json\/wp\/v2\/media\/3832"}],"wp:attachment":[{"href":"https:\/\/derkom.de\/es\/wp-json\/wp\/v2\/media?parent=2228"}],"curies":[{"name":"wp","href":"https:\/\/api.w.org\/{rel}","templated":true}]}}