{"id":2757,"date":"2023-08-30T23:50:33","date_gmt":"2023-08-30T21:50:33","guid":{"rendered":"https:\/\/derkom.de\/tipos-de-maquinas\/"},"modified":"2024-11-26T10:21:42","modified_gmt":"2024-11-26T09:21:42","slug":"tipos-de-maquinas","status":"publish","type":"page","link":"https:\/\/derkom.de\/es\/tipos-de-maquinas\/","title":{"rendered":"Tipos de m\u00e1quinas"},"content":{"rendered":"","protected":false},"excerpt":{"rendered":"","protected":false},"author":9,"featured_media":0,"parent":0,"menu_order":6,"comment_status":"closed","ping_status":"closed","template":"","meta":{"_acf_changed":false,"footnotes":""},"class_list":["post-2757","page","type-page","status-publish","hentry"],"acf":[],"yoast_head":"<!-- This site is optimized with the Yoast SEO plugin v27.1.1 - https:\/\/yoast.com\/product\/yoast-seo-wordpress\/ -->\n<title>Tipos de m\u00e1quinas - DERKOM+KLEIN<\/title>\n<meta name=\"description\" content=\"Gracias a nuestra producci\u00f3n flexible de discos abrasivos, no estamos vinculados a ning\u00fan fabricante de m\u00e1quinas. Fabricamos muelas abrasivas, muelas de vaso y anillos rozantes con sujeci\u00f3n por tuerca, sujeci\u00f3n interior, montaje en eje, pegado y diferentes sujeciones exteriores.\" \/>\n<meta name=\"robots\" content=\"index, follow, max-snippet:-1, max-image-preview:large, max-video-preview:-1\" \/>\n<link rel=\"canonical\" href=\"https:\/\/derkom.de\/es\/tipos-de-maquinas\/\" \/>\n<meta property=\"og:locale\" content=\"es_ES\" \/>\n<meta property=\"og:type\" content=\"article\" \/>\n<meta property=\"og:title\" content=\"Tipos de m\u00e1quinas - DERKOM+KLEIN\" \/>\n<meta property=\"og:description\" content=\"Gracias a nuestra producci\u00f3n flexible de discos abrasivos, no estamos vinculados a ning\u00fan fabricante de m\u00e1quinas. Fabricamos muelas abrasivas, muelas de vaso y anillos rozantes con sujeci\u00f3n por tuerca, sujeci\u00f3n interior, montaje en eje, pegado y diferentes sujeciones exteriores.\" \/>\n<meta property=\"og:url\" content=\"https:\/\/derkom.de\/es\/tipos-de-maquinas\/\" \/>\n<meta property=\"og:site_name\" content=\"DERKOM+KLEIN\" \/>\n<meta property=\"article:modified_time\" content=\"2024-11-26T09:21:42+00:00\" \/>\n<meta name=\"twitter:card\" content=\"summary_large_image\" \/>\n<meta name=\"twitter:label1\" content=\"Tiempo de lectura\" \/>\n\t<meta name=\"twitter:data1\" content=\"1 minuto\" \/>\n<script type=\"application\/ld+json\" class=\"yoast-schema-graph\">{\"@context\":\"https:\/\/schema.org\",\"@graph\":[{\"@type\":\"WebPage\",\"@id\":\"https:\/\/derkom.de\/es\/tipos-de-maquinas\/\",\"url\":\"https:\/\/derkom.de\/es\/tipos-de-maquinas\/\",\"name\":\"Tipos de m\u00e1quinas - DERKOM+KLEIN\",\"isPartOf\":{\"@id\":\"https:\/\/derkom.de\/es\/#website\"},\"datePublished\":\"2023-08-30T21:50:33+00:00\",\"dateModified\":\"2024-11-26T09:21:42+00:00\",\"description\":\"Gracias a nuestra producci\u00f3n flexible de discos abrasivos, no estamos vinculados a ning\u00fan fabricante de m\u00e1quinas. Fabricamos muelas abrasivas, muelas de vaso y anillos rozantes con sujeci\u00f3n por tuerca, sujeci\u00f3n interior, montaje en eje, pegado y diferentes sujeciones exteriores.\",\"breadcrumb\":{\"@id\":\"https:\/\/derkom.de\/es\/tipos-de-maquinas\/#breadcrumb\"},\"inLanguage\":\"es\",\"potentialAction\":[{\"@type\":\"ReadAction\",\"target\":[\"https:\/\/derkom.de\/es\/tipos-de-maquinas\/\"]}]},{\"@type\":\"BreadcrumbList\",\"@id\":\"https:\/\/derkom.de\/es\/tipos-de-maquinas\/#breadcrumb\",\"itemListElement\":[{\"@type\":\"ListItem\",\"position\":1,\"name\":\"Home\",\"item\":\"https:\/\/derkom.de\/es\/\"},{\"@type\":\"ListItem\",\"position\":2,\"name\":\"Tipos de m\u00e1quinas\"}]},{\"@type\":\"WebSite\",\"@id\":\"https:\/\/derkom.de\/es\/#website\",\"url\":\"https:\/\/derkom.de\/es\/\",\"name\":\"DERKOM+KLEIN\",\"description\":\"\",\"publisher\":{\"@id\":\"https:\/\/derkom.de\/es\/#organization\"},\"potentialAction\":[{\"@type\":\"SearchAction\",\"target\":{\"@type\":\"EntryPoint\",\"urlTemplate\":\"https:\/\/derkom.de\/es\/?s={search_term_string}\"},\"query-input\":{\"@type\":\"PropertyValueSpecification\",\"valueRequired\":true,\"valueName\":\"search_term_string\"}}],\"inLanguage\":\"es\"},{\"@type\":\"Organization\",\"@id\":\"https:\/\/derkom.de\/es\/#organization\",\"name\":\"DERKOM+KLEIN\",\"url\":\"https:\/\/derkom.de\/es\/\",\"logo\":{\"@type\":\"ImageObject\",\"inLanguage\":\"es\",\"@id\":\"https:\/\/derkom.de\/es\/#\/schema\/logo\/image\/\",\"url\":\"https:\/\/derkom.de\/wp-content\/uploads\/2023\/08\/f9cc958684bff2ab93064b368064f459.png\",\"contentUrl\":\"https:\/\/derkom.de\/wp-content\/uploads\/2023\/08\/f9cc958684bff2ab93064b368064f459.png\",\"width\":823,\"height\":111,\"caption\":\"DERKOM+KLEIN\"},\"image\":{\"@id\":\"https:\/\/derkom.de\/es\/#\/schema\/logo\/image\/\"}}]}<\/script>\n<!-- \/ Yoast SEO plugin. -->","yoast_head_json":{"title":"Tipos de m\u00e1quinas - DERKOM+KLEIN","description":"Gracias a nuestra producci\u00f3n flexible de discos abrasivos, no estamos vinculados a ning\u00fan fabricante de m\u00e1quinas. Fabricamos muelas abrasivas, muelas de vaso y anillos rozantes con sujeci\u00f3n por tuerca, sujeci\u00f3n interior, montaje en eje, pegado y diferentes sujeciones exteriores.","robots":{"index":"index","follow":"follow","max-snippet":"max-snippet:-1","max-image-preview":"max-image-preview:large","max-video-preview":"max-video-preview:-1"},"canonical":"https:\/\/derkom.de\/es\/tipos-de-maquinas\/","og_locale":"es_ES","og_type":"article","og_title":"Tipos de m\u00e1quinas - DERKOM+KLEIN","og_description":"Gracias a nuestra producci\u00f3n flexible de discos abrasivos, no estamos vinculados a ning\u00fan fabricante de m\u00e1quinas. Fabricamos muelas abrasivas, muelas de vaso y anillos rozantes con sujeci\u00f3n por tuerca, sujeci\u00f3n interior, montaje en eje, pegado y diferentes sujeciones exteriores.","og_url":"https:\/\/derkom.de\/es\/tipos-de-maquinas\/","og_site_name":"DERKOM+KLEIN","article_modified_time":"2024-11-26T09:21:42+00:00","twitter_card":"summary_large_image","twitter_misc":{"Tiempo de lectura":"1 minuto"},"schema":{"@context":"https:\/\/schema.org","@graph":[{"@type":"WebPage","@id":"https:\/\/derkom.de\/es\/tipos-de-maquinas\/","url":"https:\/\/derkom.de\/es\/tipos-de-maquinas\/","name":"Tipos de m\u00e1quinas - DERKOM+KLEIN","isPartOf":{"@id":"https:\/\/derkom.de\/es\/#website"},"datePublished":"2023-08-30T21:50:33+00:00","dateModified":"2024-11-26T09:21:42+00:00","description":"Gracias a nuestra producci\u00f3n flexible de discos abrasivos, no estamos vinculados a ning\u00fan fabricante de m\u00e1quinas. Fabricamos muelas abrasivas, muelas de vaso y anillos rozantes con sujeci\u00f3n por tuerca, sujeci\u00f3n interior, montaje en eje, pegado y diferentes sujeciones exteriores.","breadcrumb":{"@id":"https:\/\/derkom.de\/es\/tipos-de-maquinas\/#breadcrumb"},"inLanguage":"es","potentialAction":[{"@type":"ReadAction","target":["https:\/\/derkom.de\/es\/tipos-de-maquinas\/"]}]},{"@type":"BreadcrumbList","@id":"https:\/\/derkom.de\/es\/tipos-de-maquinas\/#breadcrumb","itemListElement":[{"@type":"ListItem","position":1,"name":"Home","item":"https:\/\/derkom.de\/es\/"},{"@type":"ListItem","position":2,"name":"Tipos de m\u00e1quinas"}]},{"@type":"WebSite","@id":"https:\/\/derkom.de\/es\/#website","url":"https:\/\/derkom.de\/es\/","name":"DERKOM+KLEIN","description":"","publisher":{"@id":"https:\/\/derkom.de\/es\/#organization"},"potentialAction":[{"@type":"SearchAction","target":{"@type":"EntryPoint","urlTemplate":"https:\/\/derkom.de\/es\/?s={search_term_string}"},"query-input":{"@type":"PropertyValueSpecification","valueRequired":true,"valueName":"search_term_string"}}],"inLanguage":"es"},{"@type":"Organization","@id":"https:\/\/derkom.de\/es\/#organization","name":"DERKOM+KLEIN","url":"https:\/\/derkom.de\/es\/","logo":{"@type":"ImageObject","inLanguage":"es","@id":"https:\/\/derkom.de\/es\/#\/schema\/logo\/image\/","url":"https:\/\/derkom.de\/wp-content\/uploads\/2023\/08\/f9cc958684bff2ab93064b368064f459.png","contentUrl":"https:\/\/derkom.de\/wp-content\/uploads\/2023\/08\/f9cc958684bff2ab93064b368064f459.png","width":823,"height":111,"caption":"DERKOM+KLEIN"},"image":{"@id":"https:\/\/derkom.de\/es\/#\/schema\/logo\/image\/"}}]}},"_links":{"self":[{"href":"https:\/\/derkom.de\/es\/wp-json\/wp\/v2\/pages\/2757","targetHints":{"allow":["GET"]}}],"collection":[{"href":"https:\/\/derkom.de\/es\/wp-json\/wp\/v2\/pages"}],"about":[{"href":"https:\/\/derkom.de\/es\/wp-json\/wp\/v2\/types\/page"}],"author":[{"embeddable":true,"href":"https:\/\/derkom.de\/es\/wp-json\/wp\/v2\/users\/9"}],"replies":[{"embeddable":true,"href":"https:\/\/derkom.de\/es\/wp-json\/wp\/v2\/comments?post=2757"}],"version-history":[{"count":3,"href":"https:\/\/derkom.de\/es\/wp-json\/wp\/v2\/pages\/2757\/revisions"}],"predecessor-version":[{"id":3817,"href":"https:\/\/derkom.de\/es\/wp-json\/wp\/v2\/pages\/2757\/revisions\/3817"}],"wp:attachment":[{"href":"https:\/\/derkom.de\/es\/wp-json\/wp\/v2\/media?parent=2757"}],"curies":[{"name":"wp","href":"https:\/\/api.w.org\/{rel}","templated":true}]}}