{"id":2643,"date":"2023-08-03T12:28:56","date_gmt":"2023-08-03T10:28:56","guid":{"rendered":"https:\/\/derkom.de\/pie-de-imprenta\/"},"modified":"2024-08-21T08:47:59","modified_gmt":"2024-08-21T06:47:59","slug":"pie-de-imprenta","status":"publish","type":"page","link":"https:\/\/derkom.de\/es\/pie-de-imprenta\/","title":{"rendered":"Pie de imprenta"},"content":{"rendered":"\n<h2 class=\"wp-block-heading\">Qui\u00e9nes somos<\/h2>\n\n\n\n<p><strong class=\"privacy-policy-tutorial\">Texto sugerido: <\/strong>La direcci\u00f3n de nuestro sitio web es: http:\/\/derkom.<\/p>\n\n\n\n<h2 class=\"wp-block-heading\">Comentarios<\/h2>\n\n\n\n<p><strong class=\"privacy-policy-tutorial\">Sugerencia de texto: <\/strong>cuando los visitantes escriben comentarios en el sitio web, recopilamos los datos que aparecen en el formulario de comentarios, la direcci\u00f3n IP del visitante y la cadena de agente de usuario (que identifica el navegador) para ayudar a reconocer el spam.<\/p>\n\n\n\n<p>Se puede crear una cadena de caracteres anonimizada (tambi\u00e9n conocida como hash) a partir de tu direcci\u00f3n de correo electr\u00f3nico y pasarla al servicio Gravatar para comprobar si la est\u00e1s utilizando. Puede consultar la pol\u00edtica de privacidad del servicio Gravatar aqu\u00ed: https:\/\/automattic.com\/privacy\/. Una vez aprobado tu comentario, tu foto de perfil ser\u00e1 visible p\u00fablicamente en el contexto de tu comentario.<\/p>\n\n\n\n<h2 class=\"wp-block-heading\">Medios de comunicaci\u00f3n<\/h2>\n\n\n\n<p><strong class=\"privacy-policy-tutorial\">Texto sugerido: <\/strong>Si eres un usuario registrado y subes fotos a este sitio web, deber\u00edas evitar subir fotos con una localizaci\u00f3n GPS EXIF. Los visitantes de este sitio web pueden descargar fotos almacenadas en \u00e9l y extraer informaci\u00f3n sobre su ubicaci\u00f3n.<\/p>\n\n\n\n<h2 class=\"wp-block-heading\">Cookies<\/h2>\n\n\n\n<p><strong class=\"privacy-policy-tutorial\">Sugerencia de texto: <\/strong>Si escribe un comentario en nuestro sitio web, esto puede ser un consentimiento para guardar su nombre, direcci\u00f3n de correo electr\u00f3nico y sitio web en cookies. Se trata de una funci\u00f3n pr\u00e1ctica para que no tengas que volver a introducir todos estos datos cuando escribas otro comentario. Estas cookies se almacenan durante un a\u00f1o.<\/p>\n\n\n\n<p>Si tiene una cuenta e inicia sesi\u00f3n en este sitio web, instalaremos una cookie temporal para determinar si su navegador acepta cookies. Esta cookie no contiene ning\u00fan dato personal y se descarta al cerrar el navegador.<\/p>\n\n\n\n<p>Cuando inicie sesi\u00f3n, instalaremos algunas cookies para guardar su informaci\u00f3n de inicio de sesi\u00f3n y las opciones de visualizaci\u00f3n. Las cookies de inicio de sesi\u00f3n caducan a los dos d\u00edas y las de las opciones de visualizaci\u00f3n al a\u00f1o. Si selecciona \u00abSeguir conectado\u00bb al inscribirse, su inscripci\u00f3n se mantendr\u00e1 durante quince d\u00edas. Cuando cierra la sesi\u00f3n de su cuenta, se eliminan las cookies de inicio de sesi\u00f3n.<\/p>\n\n\n\n<p>Cuando edita o publica un art\u00edculo, se almacena una cookie adicional en su navegador. Esta cookie no contiene ning\u00fan dato personal y s\u00f3lo se refiere a la ID de entrada del art\u00edculo que acaba de editar. La cookie caduca al cabo de un d\u00eda.<\/p>\n\n\n\n<h2 class=\"wp-block-heading\">Contenido incrustado de otros sitios web<\/h2>\n\n\n\n<p><strong class=\"privacy-policy-tutorial\">Sugerencia de texto: <\/strong>Las entradas de este sitio web pueden incluir contenido incrustado (por ejemplo, v\u00eddeos, im\u00e1genes, art\u00edculos, etc.). El contenido incrustado de otros sitios web se comporta exactamente igual que si el visitante hubiera visitado el otro sitio web.<\/p>\n\n\n\n<p>Estos sitios web pueden recopilar datos sobre usted, utilizar cookies, incrustar servicios adicionales de seguimiento de terceros y registrar su interacci\u00f3n con este contenido incrustado, incluida su interacci\u00f3n con el contenido incrustado si tiene una cuenta y ha iniciado sesi\u00f3n en este sitio web.<\/p>\n\n\n\n<h2 class=\"wp-block-heading\">Con qui\u00e9n compartimos sus datos<\/h2>\n\n\n\n<p><strong class=\"privacy-policy-tutorial\">Texto sugerido: <\/strong>Si solicitas un restablecimiento de contrase\u00f1a, tu direcci\u00f3n IP se incluir\u00e1 en el correo electr\u00f3nico de restablecimiento.<\/p>\n\n\n\n<h2 class=\"wp-block-heading\">Cu\u00e1nto tiempo almacenamos sus datos<\/h2>\n\n\n\n<p><strong class=\"privacy-policy-tutorial\">Sugerencia de texto: <\/strong>Si escribe un comentario, se guardar\u00e1 indefinidamente, incluidos los metadatos. De este modo, podemos reconocer y aprobar autom\u00e1ticamente los comentarios de seguimiento en lugar de retenerlos en una cola de moderaci\u00f3n.<\/p>\n\n\n\n<p>En el caso de los usuarios que se registran en nuestro sitio web, tambi\u00e9n almacenamos la informaci\u00f3n personal que nos facilitan en sus perfiles de usuario. Todos los usuarios pueden ver, cambiar o borrar su informaci\u00f3n personal en cualquier momento (el nombre de usuario no puede cambiarse). Los administradores del sitio web tambi\u00e9n pueden ver y modificar esta informaci\u00f3n.<\/p>\n\n\n\n<h2 class=\"wp-block-heading\">Qu\u00e9 derechos tiene sobre sus datos<\/h2>\n\n\n\n<p><strong class=\"privacy-policy-tutorial\">Texto sugerido: <\/strong>Si tiene una cuenta en este sitio web o ha escrito comentarios, puede solicitarnos la exportaci\u00f3n de sus datos personales, incluidos los que nos haya facilitado. Adem\u00e1s, puede solicitar la supresi\u00f3n de todos los datos personales que hayamos almacenado sobre usted. Esto no incluye los datos que estamos obligados a conservar por razones administrativas, legales o de seguridad.<\/p>\n\n\n\n<h2 class=\"wp-block-heading\">D\u00f3nde se env\u00edan sus datos<\/h2>\n\n\n\n<p><strong class=\"privacy-policy-tutorial\">Sugerencia de texto: <\/strong>Los comentarios de los visitantes podr\u00edan ser analizados por un servicio automatizado de detecci\u00f3n de spam.<\/p>\n","protected":false},"excerpt":{"rendered":"<p>Qui\u00e9nes somos Texto sugerido: La direcci\u00f3n de nuestro sitio web es: http:\/\/derkom. Comentarios Sugerencia de texto: cuando los visitantes escriben comentarios en el sitio web, recopilamos los datos que aparecen en el formulario de comentarios, la direcci\u00f3n IP del visitante y la cadena de agente de usuario (que identifica el navegador) para ayudar a reconocer [&hellip;]<\/p>\n","protected":false},"author":1,"featured_media":0,"parent":0,"menu_order":9,"comment_status":"closed","ping_status":"closed","template":"","meta":{"_acf_changed":false,"footnotes":""},"class_list":["post-2643","page","type-page","status-publish","hentry"],"acf":[],"yoast_head":"<!-- This site is optimized with the Yoast SEO plugin v27.1.1 - https:\/\/yoast.com\/product\/yoast-seo-wordpress\/ -->\n<title>Pie de imprenta - DERKOM+KLEIN<\/title>\n<meta name=\"robots\" content=\"index, follow, max-snippet:-1, max-image-preview:large, max-video-preview:-1\" \/>\n<link rel=\"canonical\" href=\"https:\/\/derkom.de\/es\/pie-de-imprenta\/\" \/>\n<meta property=\"og:locale\" content=\"es_ES\" \/>\n<meta property=\"og:type\" content=\"article\" \/>\n<meta property=\"og:title\" content=\"Pie de imprenta - DERKOM+KLEIN\" \/>\n<meta property=\"og:description\" content=\"Qui\u00e9nes somos Texto sugerido: La direcci\u00f3n de nuestro sitio web es: http:\/\/derkom. Comentarios Sugerencia de texto: cuando los visitantes escriben comentarios en el sitio web, recopilamos los datos que aparecen en el formulario de comentarios, la direcci\u00f3n IP del visitante y la cadena de agente de usuario (que identifica el navegador) para ayudar a reconocer [&hellip;]\" \/>\n<meta property=\"og:url\" content=\"https:\/\/derkom.de\/es\/pie-de-imprenta\/\" \/>\n<meta property=\"og:site_name\" content=\"DERKOM+KLEIN\" \/>\n<meta property=\"article:modified_time\" content=\"2024-08-21T06:47:59+00:00\" \/>\n<meta name=\"twitter:card\" content=\"summary_large_image\" \/>\n<meta name=\"twitter:label1\" content=\"Tiempo de lectura\" \/>\n\t<meta name=\"twitter:data1\" content=\"4 minutos\" \/>\n<script type=\"application\/ld+json\" class=\"yoast-schema-graph\">{\"@context\":\"https:\/\/schema.org\",\"@graph\":[{\"@type\":\"WebPage\",\"@id\":\"https:\/\/derkom.de\/es\/pie-de-imprenta\/\",\"url\":\"https:\/\/derkom.de\/es\/pie-de-imprenta\/\",\"name\":\"Pie de imprenta - DERKOM+KLEIN\",\"isPartOf\":{\"@id\":\"https:\/\/derkom.de\/es\/#website\"},\"datePublished\":\"2023-08-03T10:28:56+00:00\",\"dateModified\":\"2024-08-21T06:47:59+00:00\",\"breadcrumb\":{\"@id\":\"https:\/\/derkom.de\/es\/pie-de-imprenta\/#breadcrumb\"},\"inLanguage\":\"es\",\"potentialAction\":[{\"@type\":\"ReadAction\",\"target\":[\"https:\/\/derkom.de\/es\/pie-de-imprenta\/\"]}]},{\"@type\":\"BreadcrumbList\",\"@id\":\"https:\/\/derkom.de\/es\/pie-de-imprenta\/#breadcrumb\",\"itemListElement\":[{\"@type\":\"ListItem\",\"position\":1,\"name\":\"Home\",\"item\":\"https:\/\/derkom.de\/es\/\"},{\"@type\":\"ListItem\",\"position\":2,\"name\":\"Pie de imprenta\"}]},{\"@type\":\"WebSite\",\"@id\":\"https:\/\/derkom.de\/es\/#website\",\"url\":\"https:\/\/derkom.de\/es\/\",\"name\":\"DERKOM+KLEIN\",\"description\":\"\",\"publisher\":{\"@id\":\"https:\/\/derkom.de\/es\/#organization\"},\"potentialAction\":[{\"@type\":\"SearchAction\",\"target\":{\"@type\":\"EntryPoint\",\"urlTemplate\":\"https:\/\/derkom.de\/es\/?s={search_term_string}\"},\"query-input\":{\"@type\":\"PropertyValueSpecification\",\"valueRequired\":true,\"valueName\":\"search_term_string\"}}],\"inLanguage\":\"es\"},{\"@type\":\"Organization\",\"@id\":\"https:\/\/derkom.de\/es\/#organization\",\"name\":\"DERKOM+KLEIN\",\"url\":\"https:\/\/derkom.de\/es\/\",\"logo\":{\"@type\":\"ImageObject\",\"inLanguage\":\"es\",\"@id\":\"https:\/\/derkom.de\/es\/#\/schema\/logo\/image\/\",\"url\":\"https:\/\/derkom.de\/wp-content\/uploads\/2023\/08\/f9cc958684bff2ab93064b368064f459.png\",\"contentUrl\":\"https:\/\/derkom.de\/wp-content\/uploads\/2023\/08\/f9cc958684bff2ab93064b368064f459.png\",\"width\":823,\"height\":111,\"caption\":\"DERKOM+KLEIN\"},\"image\":{\"@id\":\"https:\/\/derkom.de\/es\/#\/schema\/logo\/image\/\"}}]}<\/script>\n<!-- \/ Yoast SEO plugin. -->","yoast_head_json":{"title":"Pie de imprenta - DERKOM+KLEIN","robots":{"index":"index","follow":"follow","max-snippet":"max-snippet:-1","max-image-preview":"max-image-preview:large","max-video-preview":"max-video-preview:-1"},"canonical":"https:\/\/derkom.de\/es\/pie-de-imprenta\/","og_locale":"es_ES","og_type":"article","og_title":"Pie de imprenta - DERKOM+KLEIN","og_description":"Qui\u00e9nes somos Texto sugerido: La direcci\u00f3n de nuestro sitio web es: http:\/\/derkom. Comentarios Sugerencia de texto: cuando los visitantes escriben comentarios en el sitio web, recopilamos los datos que aparecen en el formulario de comentarios, la direcci\u00f3n IP del visitante y la cadena de agente de usuario (que identifica el navegador) para ayudar a reconocer [&hellip;]","og_url":"https:\/\/derkom.de\/es\/pie-de-imprenta\/","og_site_name":"DERKOM+KLEIN","article_modified_time":"2024-08-21T06:47:59+00:00","twitter_card":"summary_large_image","twitter_misc":{"Tiempo de lectura":"4 minutos"},"schema":{"@context":"https:\/\/schema.org","@graph":[{"@type":"WebPage","@id":"https:\/\/derkom.de\/es\/pie-de-imprenta\/","url":"https:\/\/derkom.de\/es\/pie-de-imprenta\/","name":"Pie de imprenta - DERKOM+KLEIN","isPartOf":{"@id":"https:\/\/derkom.de\/es\/#website"},"datePublished":"2023-08-03T10:28:56+00:00","dateModified":"2024-08-21T06:47:59+00:00","breadcrumb":{"@id":"https:\/\/derkom.de\/es\/pie-de-imprenta\/#breadcrumb"},"inLanguage":"es","potentialAction":[{"@type":"ReadAction","target":["https:\/\/derkom.de\/es\/pie-de-imprenta\/"]}]},{"@type":"BreadcrumbList","@id":"https:\/\/derkom.de\/es\/pie-de-imprenta\/#breadcrumb","itemListElement":[{"@type":"ListItem","position":1,"name":"Home","item":"https:\/\/derkom.de\/es\/"},{"@type":"ListItem","position":2,"name":"Pie de imprenta"}]},{"@type":"WebSite","@id":"https:\/\/derkom.de\/es\/#website","url":"https:\/\/derkom.de\/es\/","name":"DERKOM+KLEIN","description":"","publisher":{"@id":"https:\/\/derkom.de\/es\/#organization"},"potentialAction":[{"@type":"SearchAction","target":{"@type":"EntryPoint","urlTemplate":"https:\/\/derkom.de\/es\/?s={search_term_string}"},"query-input":{"@type":"PropertyValueSpecification","valueRequired":true,"valueName":"search_term_string"}}],"inLanguage":"es"},{"@type":"Organization","@id":"https:\/\/derkom.de\/es\/#organization","name":"DERKOM+KLEIN","url":"https:\/\/derkom.de\/es\/","logo":{"@type":"ImageObject","inLanguage":"es","@id":"https:\/\/derkom.de\/es\/#\/schema\/logo\/image\/","url":"https:\/\/derkom.de\/wp-content\/uploads\/2023\/08\/f9cc958684bff2ab93064b368064f459.png","contentUrl":"https:\/\/derkom.de\/wp-content\/uploads\/2023\/08\/f9cc958684bff2ab93064b368064f459.png","width":823,"height":111,"caption":"DERKOM+KLEIN"},"image":{"@id":"https:\/\/derkom.de\/es\/#\/schema\/logo\/image\/"}}]}},"_links":{"self":[{"href":"https:\/\/derkom.de\/es\/wp-json\/wp\/v2\/pages\/2643","targetHints":{"allow":["GET"]}}],"collection":[{"href":"https:\/\/derkom.de\/es\/wp-json\/wp\/v2\/pages"}],"about":[{"href":"https:\/\/derkom.de\/es\/wp-json\/wp\/v2\/types\/page"}],"author":[{"embeddable":true,"href":"https:\/\/derkom.de\/es\/wp-json\/wp\/v2\/users\/1"}],"replies":[{"embeddable":true,"href":"https:\/\/derkom.de\/es\/wp-json\/wp\/v2\/comments?post=2643"}],"version-history":[{"count":1,"href":"https:\/\/derkom.de\/es\/wp-json\/wp\/v2\/pages\/2643\/revisions"}],"predecessor-version":[{"id":3021,"href":"https:\/\/derkom.de\/es\/wp-json\/wp\/v2\/pages\/2643\/revisions\/3021"}],"wp:attachment":[{"href":"https:\/\/derkom.de\/es\/wp-json\/wp\/v2\/media?parent=2643"}],"curies":[{"name":"wp","href":"https:\/\/api.w.org\/{rel}","templated":true}]}}