{"id":2581,"date":"2023-08-09T12:14:33","date_gmt":"2023-08-09T10:14:33","guid":{"rendered":"https:\/\/derkom.de\/la-empresa\/como-trabajamos\/"},"modified":"2024-04-04T12:16:18","modified_gmt":"2024-04-04T10:16:18","slug":"como-trabajamos","status":"publish","type":"page","link":"https:\/\/derkom.de\/es\/la-empresa\/como-trabajamos\/","title":{"rendered":"C\u00f3mo trabajamos"},"content":{"rendered":"","protected":false},"excerpt":{"rendered":"","protected":false},"author":5,"featured_media":0,"parent":2575,"menu_order":0,"comment_status":"closed","ping_status":"closed","template":"","meta":{"_acf_changed":false,"footnotes":""},"class_list":["post-2581","page","type-page","status-publish","hentry"],"acf":[],"yoast_head":"<!-- This site is optimized with the Yoast SEO plugin v27.1.1 - https:\/\/yoast.com\/product\/yoast-seo-wordpress\/ -->\n<title>C\u00f3mo trabajamos - DERKOM+KLEIN<\/title>\n<meta name=\"description\" content=\"Su muela abrasiva se crea seleccionando la composici\u00f3n del aglomerante en combinaci\u00f3n con diferentes corindones abrasivos.\" \/>\n<meta name=\"robots\" content=\"index, follow, max-snippet:-1, max-image-preview:large, max-video-preview:-1\" \/>\n<link rel=\"canonical\" href=\"https:\/\/derkom.de\/es\/la-empresa\/como-trabajamos\/\" \/>\n<meta property=\"og:locale\" content=\"es_ES\" \/>\n<meta property=\"og:type\" content=\"article\" \/>\n<meta property=\"og:title\" content=\"C\u00f3mo trabajamos - DERKOM+KLEIN\" \/>\n<meta property=\"og:description\" content=\"Su muela abrasiva se crea seleccionando la composici\u00f3n del aglomerante en combinaci\u00f3n con diferentes corindones abrasivos.\" \/>\n<meta property=\"og:url\" content=\"https:\/\/derkom.de\/es\/la-empresa\/como-trabajamos\/\" \/>\n<meta property=\"og:site_name\" content=\"DERKOM+KLEIN\" \/>\n<meta property=\"article:modified_time\" content=\"2024-04-04T10:16:18+00:00\" \/>\n<meta name=\"twitter:card\" content=\"summary_large_image\" \/>\n<script type=\"application\/ld+json\" class=\"yoast-schema-graph\">{\"@context\":\"https:\/\/schema.org\",\"@graph\":[{\"@type\":\"WebPage\",\"@id\":\"https:\/\/derkom.de\/es\/la-empresa\/como-trabajamos\/\",\"url\":\"https:\/\/derkom.de\/es\/la-empresa\/como-trabajamos\/\",\"name\":\"C\u00f3mo trabajamos - DERKOM+KLEIN\",\"isPartOf\":{\"@id\":\"https:\/\/derkom.de\/es\/#website\"},\"datePublished\":\"2023-08-09T10:14:33+00:00\",\"dateModified\":\"2024-04-04T10:16:18+00:00\",\"description\":\"Su muela abrasiva se crea seleccionando la composici\u00f3n del aglomerante en combinaci\u00f3n con diferentes corindones abrasivos.\",\"breadcrumb\":{\"@id\":\"https:\/\/derkom.de\/es\/la-empresa\/como-trabajamos\/#breadcrumb\"},\"inLanguage\":\"es\",\"potentialAction\":[{\"@type\":\"ReadAction\",\"target\":[\"https:\/\/derkom.de\/es\/la-empresa\/como-trabajamos\/\"]}]},{\"@type\":\"BreadcrumbList\",\"@id\":\"https:\/\/derkom.de\/es\/la-empresa\/como-trabajamos\/#breadcrumb\",\"itemListElement\":[{\"@type\":\"ListItem\",\"position\":1,\"name\":\"Home\",\"item\":\"https:\/\/derkom.de\/es\/\"},{\"@type\":\"ListItem\",\"position\":2,\"name\":\"La empresa\",\"item\":\"https:\/\/derkom.de\/es\/la-empresa\/\"},{\"@type\":\"ListItem\",\"position\":3,\"name\":\"C\u00f3mo trabajamos\"}]},{\"@type\":\"WebSite\",\"@id\":\"https:\/\/derkom.de\/es\/#website\",\"url\":\"https:\/\/derkom.de\/es\/\",\"name\":\"DERKOM+KLEIN\",\"description\":\"\",\"publisher\":{\"@id\":\"https:\/\/derkom.de\/es\/#organization\"},\"potentialAction\":[{\"@type\":\"SearchAction\",\"target\":{\"@type\":\"EntryPoint\",\"urlTemplate\":\"https:\/\/derkom.de\/es\/?s={search_term_string}\"},\"query-input\":{\"@type\":\"PropertyValueSpecification\",\"valueRequired\":true,\"valueName\":\"search_term_string\"}}],\"inLanguage\":\"es\"},{\"@type\":\"Organization\",\"@id\":\"https:\/\/derkom.de\/es\/#organization\",\"name\":\"DERKOM+KLEIN\",\"url\":\"https:\/\/derkom.de\/es\/\",\"logo\":{\"@type\":\"ImageObject\",\"inLanguage\":\"es\",\"@id\":\"https:\/\/derkom.de\/es\/#\/schema\/logo\/image\/\",\"url\":\"https:\/\/derkom.de\/wp-content\/uploads\/2023\/08\/f9cc958684bff2ab93064b368064f459.png\",\"contentUrl\":\"https:\/\/derkom.de\/wp-content\/uploads\/2023\/08\/f9cc958684bff2ab93064b368064f459.png\",\"width\":823,\"height\":111,\"caption\":\"DERKOM+KLEIN\"},\"image\":{\"@id\":\"https:\/\/derkom.de\/es\/#\/schema\/logo\/image\/\"}}]}<\/script>\n<!-- \/ Yoast SEO plugin. -->","yoast_head_json":{"title":"C\u00f3mo trabajamos - DERKOM+KLEIN","description":"Su muela abrasiva se crea seleccionando la composici\u00f3n del aglomerante en combinaci\u00f3n con diferentes corindones abrasivos.","robots":{"index":"index","follow":"follow","max-snippet":"max-snippet:-1","max-image-preview":"max-image-preview:large","max-video-preview":"max-video-preview:-1"},"canonical":"https:\/\/derkom.de\/es\/la-empresa\/como-trabajamos\/","og_locale":"es_ES","og_type":"article","og_title":"C\u00f3mo trabajamos - DERKOM+KLEIN","og_description":"Su muela abrasiva se crea seleccionando la composici\u00f3n del aglomerante en combinaci\u00f3n con diferentes corindones abrasivos.","og_url":"https:\/\/derkom.de\/es\/la-empresa\/como-trabajamos\/","og_site_name":"DERKOM+KLEIN","article_modified_time":"2024-04-04T10:16:18+00:00","twitter_card":"summary_large_image","schema":{"@context":"https:\/\/schema.org","@graph":[{"@type":"WebPage","@id":"https:\/\/derkom.de\/es\/la-empresa\/como-trabajamos\/","url":"https:\/\/derkom.de\/es\/la-empresa\/como-trabajamos\/","name":"C\u00f3mo trabajamos - DERKOM+KLEIN","isPartOf":{"@id":"https:\/\/derkom.de\/es\/#website"},"datePublished":"2023-08-09T10:14:33+00:00","dateModified":"2024-04-04T10:16:18+00:00","description":"Su muela abrasiva se crea seleccionando la composici\u00f3n del aglomerante en combinaci\u00f3n con diferentes corindones abrasivos.","breadcrumb":{"@id":"https:\/\/derkom.de\/es\/la-empresa\/como-trabajamos\/#breadcrumb"},"inLanguage":"es","potentialAction":[{"@type":"ReadAction","target":["https:\/\/derkom.de\/es\/la-empresa\/como-trabajamos\/"]}]},{"@type":"BreadcrumbList","@id":"https:\/\/derkom.de\/es\/la-empresa\/como-trabajamos\/#breadcrumb","itemListElement":[{"@type":"ListItem","position":1,"name":"Home","item":"https:\/\/derkom.de\/es\/"},{"@type":"ListItem","position":2,"name":"La empresa","item":"https:\/\/derkom.de\/es\/la-empresa\/"},{"@type":"ListItem","position":3,"name":"C\u00f3mo trabajamos"}]},{"@type":"WebSite","@id":"https:\/\/derkom.de\/es\/#website","url":"https:\/\/derkom.de\/es\/","name":"DERKOM+KLEIN","description":"","publisher":{"@id":"https:\/\/derkom.de\/es\/#organization"},"potentialAction":[{"@type":"SearchAction","target":{"@type":"EntryPoint","urlTemplate":"https:\/\/derkom.de\/es\/?s={search_term_string}"},"query-input":{"@type":"PropertyValueSpecification","valueRequired":true,"valueName":"search_term_string"}}],"inLanguage":"es"},{"@type":"Organization","@id":"https:\/\/derkom.de\/es\/#organization","name":"DERKOM+KLEIN","url":"https:\/\/derkom.de\/es\/","logo":{"@type":"ImageObject","inLanguage":"es","@id":"https:\/\/derkom.de\/es\/#\/schema\/logo\/image\/","url":"https:\/\/derkom.de\/wp-content\/uploads\/2023\/08\/f9cc958684bff2ab93064b368064f459.png","contentUrl":"https:\/\/derkom.de\/wp-content\/uploads\/2023\/08\/f9cc958684bff2ab93064b368064f459.png","width":823,"height":111,"caption":"DERKOM+KLEIN"},"image":{"@id":"https:\/\/derkom.de\/es\/#\/schema\/logo\/image\/"}}]}},"_links":{"self":[{"href":"https:\/\/derkom.de\/es\/wp-json\/wp\/v2\/pages\/2581","targetHints":{"allow":["GET"]}}],"collection":[{"href":"https:\/\/derkom.de\/es\/wp-json\/wp\/v2\/pages"}],"about":[{"href":"https:\/\/derkom.de\/es\/wp-json\/wp\/v2\/types\/page"}],"author":[{"embeddable":true,"href":"https:\/\/derkom.de\/es\/wp-json\/wp\/v2\/users\/5"}],"replies":[{"embeddable":true,"href":"https:\/\/derkom.de\/es\/wp-json\/wp\/v2\/comments?post=2581"}],"version-history":[{"count":1,"href":"https:\/\/derkom.de\/es\/wp-json\/wp\/v2\/pages\/2581\/revisions"}],"predecessor-version":[{"id":3630,"href":"https:\/\/derkom.de\/es\/wp-json\/wp\/v2\/pages\/2581\/revisions\/3630"}],"up":[{"embeddable":true,"href":"https:\/\/derkom.de\/es\/wp-json\/wp\/v2\/pages\/2575"}],"wp:attachment":[{"href":"https:\/\/derkom.de\/es\/wp-json\/wp\/v2\/media?parent=2581"}],"curies":[{"name":"wp","href":"https:\/\/api.w.org\/{rel}","templated":true}]}}